{"id":15460,"date":"2024-11-22T12:26:57","date_gmt":"2024-11-22T11:26:57","guid":{"rendered":"https:\/\/kaffeecenter.ch\/?page_id=15460"},"modified":"2025-11-18T21:59:13","modified_gmt":"2025-11-18T20:59:13","slug":"ueber-uns","status":"publish","type":"page","link":"https:\/\/kaffeecenter.ch\/fr\/ueber-uns\/","title":{"rendered":"\u00c0 propos de nous"},"content":{"rendered":"<div class=\"wpb-content-wrapper\"><div class=\"vc_row wpb_row vc_row-fluid edgtf-section vc_custom_1485789458928 edgtf-content-aligment-left edgtf-grid-section\" style=\"\"><div class=\"clearfix edgtf-section-inner\"><div class=\"edgtf-section-inner-margin clearfix\"><div class=\"wpb_column vc_column_container vc_col-sm-12 vc_col-lg-4 vc_col-md-4\"><div class=\"vc_column-inner\"><div class=\"wpb_wrapper\"><div class=\"vc_empty_space\"   style=\"height: 120px\"><span class=\"vc_empty_space_inner\"><\/span><\/div>\n\t<div  class=\"wpb_single_image wpb_content_element vc_align_left wpb_content_element\">\n\t\t\n\t\t<figure class=\"wpb_wrapper vc_figure\">\n\t\t\t<a href=\"https:\/\/kaffeecenter.ch\/fr\/unsere-geschichte\/\" target=\"_self\" class=\"vc_single_image-wrapper   vc_box_border_grey\"><img decoding=\"async\" width=\"2560\" height=\"1705\" src=\"https:\/\/kaffeecenter.ch\/wp-content\/uploads\/2024\/09\/Kaffecenter_Buchs_300624@florinschmid033-scaled.jpg\" class=\"vc_single_image-img attachment-full\" alt=\"\" title=\"Kaffecenter_Buchs_300624@florinschmid033\" srcset=\"https:\/\/kaffeecenter.ch\/wp-content\/uploads\/2024\/09\/Kaffecenter_Buchs_300624@florinschmid033-scaled.jpg 2560w, https:\/\/kaffeecenter.ch\/wp-content\/uploads\/2024\/09\/Kaffecenter_Buchs_300624@florinschmid033-300x200.jpg 300w, https:\/\/kaffeecenter.ch\/wp-content\/uploads\/2024\/09\/Kaffecenter_Buchs_300624@florinschmid033-1024x682.jpg 1024w, https:\/\/kaffeecenter.ch\/wp-content\/uploads\/2024\/09\/Kaffecenter_Buchs_300624@florinschmid033-768x512.jpg 768w, https:\/\/kaffeecenter.ch\/wp-content\/uploads\/2024\/09\/Kaffecenter_Buchs_300624@florinschmid033-1536x1023.jpg 1536w, https:\/\/kaffeecenter.ch\/wp-content\/uploads\/2024\/09\/Kaffecenter_Buchs_300624@florinschmid033-18x12.jpg 18w, https:\/\/kaffeecenter.ch\/wp-content\/uploads\/2024\/09\/Kaffecenter_Buchs_300624@florinschmid033-600x400.jpg 600w\" sizes=\"(max-width: 2560px) 100vw, 2560px\" \/><\/a>\n\t\t<\/figure>\n\t<\/div>\n<div class=\"vc_empty_space\"   style=\"height: 30px\"><span class=\"vc_empty_space_inner\"><\/span><\/div><h3 class=\"edgtf-title-with-number\" >\n\t<span class=\"edgtf-twn-number\">01<\/span>Notre histoire<\/h3><div class=\"vc_empty_space\"   style=\"height: 24px\"><span class=\"vc_empty_space_inner\"><\/span><\/div>\n\t<div class=\"wpb_text_column wpb_content_element\" >\n\t\t<div class=\"wpb_wrapper\">\n\t\t\t<p>Depuis sa cr\u00e9ation en 2008, la soci\u00e9t\u00e9 Kaffeecenter GmbH est synonyme de caf\u00e9 de haute qualit\u00e9 et de service de premier ordre. Ce qui a commenc\u00e9 par la vision de Hansuli Eggenberger s'est d\u00e9velopp\u00e9 pour devenir un fournisseur leader dans le domaine de la location de machines \u00e0 caf\u00e9. Avec plus de 200 machines en service, nous assurons chaque jour des pauses-caf\u00e9 parfaites - en toute simplicit\u00e9 et en tenant compte des besoins de nos clients.<\/p>\n\n\t\t<\/div>\n\t<\/div>\n<div class=\"vc_empty_space\"   style=\"height: 120px\"><span class=\"vc_empty_space_inner\"><\/span><\/div><\/div><\/div><\/div><div class=\"wpb_column vc_column_container vc_col-sm-12 vc_col-lg-4 vc_col-md-4\"><div class=\"vc_column-inner\"><div class=\"wpb_wrapper\"><div class=\"vc_empty_space\"   style=\"height: 120px\"><span class=\"vc_empty_space_inner\"><\/span><\/div>\n\t<div  class=\"wpb_single_image wpb_content_element vc_align_left wpb_content_element\">\n\t\t\n\t\t<figure class=\"wpb_wrapper vc_figure\">\n\t\t\t<a href=\"https:\/\/kaffeecenter.ch\/fr\/unser-team\/\" target=\"_self\" class=\"vc_single_image-wrapper   vc_box_border_grey\"><img decoding=\"async\" width=\"2560\" height=\"1707\" src=\"https:\/\/kaffeecenter.ch\/wp-content\/uploads\/2024\/11\/Kaffecenter_111124@florin.schmid008-scaled.jpeg\" class=\"vc_single_image-img attachment-full\" alt=\"\" title=\"Kaffecenter_111124@florin.schmid008\" srcset=\"https:\/\/kaffeecenter.ch\/wp-content\/uploads\/2024\/11\/Kaffecenter_111124@florin.schmid008-scaled.jpeg 2560w, https:\/\/kaffeecenter.ch\/wp-content\/uploads\/2024\/11\/Kaffecenter_111124@florin.schmid008-300x200.jpeg 300w, https:\/\/kaffeecenter.ch\/wp-content\/uploads\/2024\/11\/Kaffecenter_111124@florin.schmid008-1024x683.jpeg 1024w, https:\/\/kaffeecenter.ch\/wp-content\/uploads\/2024\/11\/Kaffecenter_111124@florin.schmid008-768x512.jpeg 768w, https:\/\/kaffeecenter.ch\/wp-content\/uploads\/2024\/11\/Kaffecenter_111124@florin.schmid008-1536x1024.jpeg 1536w, https:\/\/kaffeecenter.ch\/wp-content\/uploads\/2024\/11\/Kaffecenter_111124@florin.schmid008-18x12.jpeg 18w, https:\/\/kaffeecenter.ch\/wp-content\/uploads\/2024\/11\/Kaffecenter_111124@florin.schmid008-600x400.jpeg 600w\" sizes=\"(max-width: 2560px) 100vw, 2560px\" \/><\/a>\n\t\t<\/figure>\n\t<\/div>\n<div class=\"vc_empty_space\"   style=\"height: 30px\"><span class=\"vc_empty_space_inner\"><\/span><\/div><h3 class=\"edgtf-title-with-number\" >\n\t<span class=\"edgtf-twn-number\">02<\/span>Notre \u00e9quipe<\/h3><div class=\"vc_empty_space\"   style=\"height: 24px\"><span class=\"vc_empty_space_inner\"><\/span><\/div>\n\t<div class=\"wpb_text_column wpb_content_element\" >\n\t\t<div class=\"wpb_wrapper\">\n\t\t\t<p>Derri\u00e8re chaque succ\u00e8s se trouvent des personnes engag\u00e9es. Notre \u00e9quipe, dirig\u00e9e par Hansuli Eggenberger et Nicole Hofbauer, apporte son expertise et sa passion \u00e0 chaque projet. Ensemble, nous mettons tout en \u0153uvre pour conseiller au mieux nos clients, perfectionner leur plaisir du caf\u00e9 et veiller au bon d\u00e9roulement des op\u00e9rations.<\/p>\n\n\t\t<\/div>\n\t<\/div>\n<div class=\"vc_empty_space\"   style=\"height: 120px\"><span class=\"vc_empty_space_inner\"><\/span><\/div><\/div><\/div><\/div><div class=\"wpb_column vc_column_container vc_col-sm-12 vc_col-lg-4 vc_col-md-4\"><div class=\"vc_column-inner\"><div class=\"wpb_wrapper\"><div class=\"vc_empty_space\"   style=\"height: 120px\"><span class=\"vc_empty_space_inner\"><\/span><\/div>\n\t<div  class=\"wpb_single_image wpb_content_element vc_align_left wpb_content_element\">\n\t\t\n\t\t<figure class=\"wpb_wrapper vc_figure\">\n\t\t\t<a href=\"https:\/\/kaffeecenter.ch\/fr\/unser-leitbild\/\" target=\"_self\" class=\"vc_single_image-wrapper   vc_box_border_grey\"><img decoding=\"async\" width=\"2560\" height=\"1707\" src=\"https:\/\/kaffeecenter.ch\/wp-content\/uploads\/2024\/09\/Kaffecenter_Buchs_300624@florinschmid009-scaled.jpg\" class=\"vc_single_image-img attachment-full\" alt=\"\" title=\"Kaffecenter_Buchs_300624@florinschmid009\" srcset=\"https:\/\/kaffeecenter.ch\/wp-content\/uploads\/2024\/09\/Kaffecenter_Buchs_300624@florinschmid009-scaled.jpg 2560w, https:\/\/kaffeecenter.ch\/wp-content\/uploads\/2024\/09\/Kaffecenter_Buchs_300624@florinschmid009-300x200.jpg 300w, https:\/\/kaffeecenter.ch\/wp-content\/uploads\/2024\/09\/Kaffecenter_Buchs_300624@florinschmid009-1024x683.jpg 1024w, https:\/\/kaffeecenter.ch\/wp-content\/uploads\/2024\/09\/Kaffecenter_Buchs_300624@florinschmid009-768x512.jpg 768w, https:\/\/kaffeecenter.ch\/wp-content\/uploads\/2024\/09\/Kaffecenter_Buchs_300624@florinschmid009-1536x1024.jpg 1536w, https:\/\/kaffeecenter.ch\/wp-content\/uploads\/2024\/09\/Kaffecenter_Buchs_300624@florinschmid009-18x12.jpg 18w, https:\/\/kaffeecenter.ch\/wp-content\/uploads\/2024\/09\/Kaffecenter_Buchs_300624@florinschmid009-600x400.jpg 600w\" sizes=\"(max-width: 2560px) 100vw, 2560px\" \/><\/a>\n\t\t<\/figure>\n\t<\/div>\n<div class=\"vc_empty_space\"   style=\"height: 30px\"><span class=\"vc_empty_space_inner\"><\/span><\/div><h3 class=\"edgtf-title-with-number\" >\n\t<span class=\"edgtf-twn-number\">03<\/span>Notre charte<\/h3><div class=\"vc_empty_space\"   style=\"height: 24px\"><span class=\"vc_empty_space_inner\"><\/span><\/div>\n\t<div class=\"wpb_text_column wpb_content_element\" >\n\t\t<div class=\"wpb_wrapper\">\n\t\t\t<div class=\"flex-shrink-0 flex flex-col relative items-end\">\n<div class=\"pt-0\">\n<div class=\"gizmo-bot-avatar flex h-8 w-8 items-center justify-center overflow-hidden rounded-full\">\n<div class=\"relative p-1 rounded-sm flex items-center justify-center bg-token-main-surface-primary text-token-text-primary h-8 w-8\">Le caf\u00e9 cr\u00e9e des liens - et c'est pr\u00e9cis\u00e9ment ce qui nous motive. Notre mod\u00e8le est bas\u00e9 sur la qualit\u00e9, la fiabilit\u00e9 et un service sur mesure. Nous ne souhaitons pas seulement offrir \u00e0 nos clients des produits de premi\u00e8re qualit\u00e9, mais aussi cr\u00e9er des moments de plaisir inoubliables. Car votre plaisir du caf\u00e9 est notre succ\u00e8s commun.<\/div>\n<\/div>\n<\/div>\n<\/div>\n\n\t\t<\/div>\n\t<\/div>\n<div class=\"vc_empty_space\"   style=\"height: 120px\"><span class=\"vc_empty_space_inner\"><\/span><\/div><\/div><\/div><\/div><\/div><\/div><\/div><div class=\"vc_row wpb_row vc_row-fluid edgtf-section vc_custom_1486725149387 edgtf-content-aligment-left edgtf-grid-section\" style=\"\"><div class=\"clearfix edgtf-section-inner\"><div class=\"edgtf-section-inner-margin clearfix\"><div class=\"wpb_column vc_column_container vc_col-sm-12\"><div class=\"vc_column-inner\"><div class=\"wpb_wrapper\"><div class=\"edgtf-elements-holder edgtf-two-columns edgtf-responsive-mode-1024\" ><div class=\"edgtf-elements-holder-item\" data-item-class=\"edgtf-elements-holder-custom-345212\" data-768-1024=\"0% 0% 10% 0\" data-600-768=\"0% 0% 14% 0\" data-480=\"0% 0% 25% 0\" >\n\t\t<div class=\"edgtf-elements-holder-item-inner\">\n\t\t<div class=\"edgtf-elements-holder-item-content edgtf-elements-holder-custom-345212\" style=\"padding: 1% 11% 0 0\">\n\t\t\t\n\t<div class=\"wpb_text_column wpb_content_element\" >\n\t\t<div class=\"wpb_wrapper\">\n\t\t\t<h2><strong>Le plaisir du caf\u00e9 sans frais d'achat<\/strong><\/h2>\n\n\t\t<\/div>\n\t<\/div>\n<div class=\"vc_empty_space\"   style=\"height: 20px\"><span class=\"vc_empty_space_inner\"><\/span><\/div><div class=\"edgtf-separator-holder clearfix  edgtf-separator-left\">\n\t<div class=\"edgtf-separator\" style=\"width: 120px;border-bottom-width: 3px\"><\/div>\n<\/div>\n<div class=\"vc_empty_space\"   style=\"height: 15px\"><span class=\"vc_empty_space_inner\"><\/span><\/div>\n\t<div class=\"wpb_text_column wpb_content_element\" >\n\t\t<div class=\"wpb_wrapper\">\n\t\t\t<p>Notre service de location de machines \u00e0 caf\u00e9 est id\u00e9al pour les occasions sp\u00e9ciales ou les besoins \u00e0 court terme. Qu'il s'agisse d'une r\u00e9union importante, d'un \u00e9v\u00e9nement ou d'une f\u00eate avec beaucoup de caf\u00e9, nos machines soulagent votre \u00e9quipement habituel et garantissent que chaque invit\u00e9 est parfaitement servi. M\u00eame si votre entreprise ne souhaite pas encore acqu\u00e9rir sa propre machine \u00e0 caf\u00e9, la location offre une solution pratique et \u00e9conomique. Ainsi, les co\u00fbts restent raisonnables et vos collaborateurs ou invit\u00e9s sont tout de m\u00eame bien servis.<\/p>\n\n\t\t<\/div>\n\t<\/div>\n\t\t<\/div>\n\t<\/div>\n\t<\/div><div class=\"edgtf-elements-holder-item\" data-item-class=\"edgtf-elements-holder-custom-560827\" data-1024-1280=\"0 0 0 0\" >\n\t\t<div class=\"edgtf-elements-holder-item-inner\">\n\t\t<div class=\"edgtf-elements-holder-item-content edgtf-elements-holder-custom-560827\" style=\"padding: 0 0 0 0\">\n\t\t\t\n\t<div  class=\"wpb_single_image wpb_content_element vc_align_left wpb_content_element\">\n\t\t\n\t\t<figure class=\"wpb_wrapper vc_figure\">\n\t\t\t<div class=\"vc_single_image-wrapper   vc_box_border_grey\"><img decoding=\"async\" width=\"2560\" height=\"1707\" src=\"https:\/\/kaffeecenter.ch\/wp-content\/uploads\/2024\/11\/Kaffecenter_111124@florin.schmid022-scaled.jpeg\" class=\"vc_single_image-img attachment-full\" alt=\"\" title=\"Kaffecenter_111124@florin.schmid022\" srcset=\"https:\/\/kaffeecenter.ch\/wp-content\/uploads\/2024\/11\/Kaffecenter_111124@florin.schmid022-scaled.jpeg 2560w, https:\/\/kaffeecenter.ch\/wp-content\/uploads\/2024\/11\/Kaffecenter_111124@florin.schmid022-300x200.jpeg 300w, https:\/\/kaffeecenter.ch\/wp-content\/uploads\/2024\/11\/Kaffecenter_111124@florin.schmid022-1024x683.jpeg 1024w, https:\/\/kaffeecenter.ch\/wp-content\/uploads\/2024\/11\/Kaffecenter_111124@florin.schmid022-768x512.jpeg 768w, https:\/\/kaffeecenter.ch\/wp-content\/uploads\/2024\/11\/Kaffecenter_111124@florin.schmid022-1536x1024.jpeg 1536w, https:\/\/kaffeecenter.ch\/wp-content\/uploads\/2024\/11\/Kaffecenter_111124@florin.schmid022-18x12.jpeg 18w, https:\/\/kaffeecenter.ch\/wp-content\/uploads\/2024\/11\/Kaffecenter_111124@florin.schmid022-600x400.jpeg 600w\" sizes=\"(max-width: 2560px) 100vw, 2560px\" \/><\/div>\n\t\t<\/figure>\n\t<\/div>\n\t\t<\/div>\n\t<\/div>\n\t<\/div><\/div><\/div><\/div><\/div><\/div><\/div><\/div><div class=\"vc_row wpb_row vc_row-fluid edgtf-section vc_custom_1484576041198 edgtf-content-aligment-left edgtf-grid-section\" style=\"\"><div class=\"clearfix edgtf-section-inner\"><div class=\"edgtf-section-inner-margin clearfix\"><div class=\"wpb_column vc_column_container vc_col-sm-12\"><div class=\"vc_column-inner\"><div class=\"wpb_wrapper\"><div class=\"edgtf-elements-holder edgtf-two-columns edgtf-responsive-mode-1024\" ><div class=\"edgtf-elements-holder-item\" data-item-class=\"edgtf-elements-holder-custom-114197\" data-1024-1280=\"0 0 0 0\" >\n\t\t<div class=\"edgtf-elements-holder-item-inner\">\n\t\t<div class=\"edgtf-elements-holder-item-content edgtf-elements-holder-custom-114197\" >\n\t\t\t\n\t<div  class=\"wpb_single_image wpb_content_element vc_align_left wpb_content_element\">\n\t\t\n\t\t<figure class=\"wpb_wrapper vc_figure\">\n\t\t\t<div class=\"vc_single_image-wrapper   vc_box_border_grey\"><img decoding=\"async\" width=\"2560\" height=\"1707\" src=\"https:\/\/kaffeecenter.ch\/wp-content\/uploads\/2024\/11\/Kaffecenter_111124@florin.schmid028-scaled.jpeg\" class=\"vc_single_image-img attachment-full\" alt=\"\" title=\"Kaffecenter_111124@florin.schmid028\" srcset=\"https:\/\/kaffeecenter.ch\/wp-content\/uploads\/2024\/11\/Kaffecenter_111124@florin.schmid028-scaled.jpeg 2560w, https:\/\/kaffeecenter.ch\/wp-content\/uploads\/2024\/11\/Kaffecenter_111124@florin.schmid028-300x200.jpeg 300w, https:\/\/kaffeecenter.ch\/wp-content\/uploads\/2024\/11\/Kaffecenter_111124@florin.schmid028-1024x683.jpeg 1024w, https:\/\/kaffeecenter.ch\/wp-content\/uploads\/2024\/11\/Kaffecenter_111124@florin.schmid028-768x512.jpeg 768w, https:\/\/kaffeecenter.ch\/wp-content\/uploads\/2024\/11\/Kaffecenter_111124@florin.schmid028-1536x1024.jpeg 1536w, https:\/\/kaffeecenter.ch\/wp-content\/uploads\/2024\/11\/Kaffecenter_111124@florin.schmid028-18x12.jpeg 18w, https:\/\/kaffeecenter.ch\/wp-content\/uploads\/2024\/11\/Kaffecenter_111124@florin.schmid028-600x400.jpeg 600w\" sizes=\"(max-width: 2560px) 100vw, 2560px\" \/><\/div>\n\t\t<\/figure>\n\t<\/div>\n\t\t<\/div>\n\t<\/div>\n\t<\/div><div class=\"edgtf-elements-holder-item\" data-item-class=\"edgtf-elements-holder-custom-376243\" data-768-1024=\"8% 2% 0 3%\" data-600-768=\"10% 0% 0 3%\" data-480=\"15% 0% 0 3%\" >\n\t\t<div class=\"edgtf-elements-holder-item-inner\">\n\t\t<div class=\"edgtf-elements-holder-item-content edgtf-elements-holder-custom-376243\" style=\"padding: 0 4% 0 8%\">\n\t\t\t\n\t<div class=\"wpb_text_column wpb_content_element\" >\n\t\t<div class=\"wpb_wrapper\">\n\t\t\t<h2>Mettez de la vie dans votre quotidien au bureau<\/h2>\n\n\t\t<\/div>\n\t<\/div>\n<div class=\"vc_empty_space\"   style=\"height: 20px\"><span class=\"vc_empty_space_inner\"><\/span><\/div><div class=\"edgtf-separator-holder clearfix  edgtf-separator-left\">\n\t<div class=\"edgtf-separator\" style=\"width: 120px;border-bottom-width: 3px\"><\/div>\n<\/div>\n<div class=\"vc_empty_space\"   style=\"height: 15px\"><span class=\"vc_empty_space_inner\"><\/span><\/div>\n\t<div class=\"wpb_text_column wpb_content_element\" >\n\t\t<div class=\"wpb_wrapper\">\n\t\t\t<p>Une machine \u00e0 caf\u00e9 est un \u00e9l\u00e9ment indispensable dans les bureaux et les espaces publics - elle anime le travail quotidien et augmente la concentration des collaborateurs. Une machine \u00e0 caf\u00e9 professionnelle est toutefois plus co\u00fbteuse qu'un automate \u00e0 filtre domestique et n'est peut-\u00eatre n\u00e9cessaire que temporairement pour certains usages, comme les \u00e9v\u00e9nements. C'est l\u00e0 qu'intervient la location d'une machine \u00e0 caf\u00e9 : une solution id\u00e9ale qui allie flexibilit\u00e9 et \u00e9conomies.<\/p>\n\n\t\t<\/div>\n\t<\/div>\n\t\t<\/div>\n\t<\/div>\n\t<\/div><\/div><\/div><\/div><\/div><\/div><\/div><\/div>\n<\/div>","protected":false},"excerpt":{"rendered":"01Unsere Geschichte Seit der Gr\u00fcndung im Jahr 2008 steht die Kaffeecenter GmbH f\u00fcr hochwertigen Kaffeegenuss und erstklassigen Service. Was mit der Vision von Hansuli Eggenberger begann, entwickelte sich...","protected":false},"author":1,"featured_media":0,"parent":0,"menu_order":0,"comment_status":"closed","ping_status":"closed","template":"full-width.php","meta":{"inline_featured_image":false,"footnotes":""},"class_list":["post-15460","page","type-page","status-publish","hentry"],"aioseo_notices":[],"_links":{"self":[{"href":"https:\/\/kaffeecenter.ch\/fr\/wp-json\/wp\/v2\/pages\/15460","targetHints":{"allow":["GET"]}}],"collection":[{"href":"https:\/\/kaffeecenter.ch\/fr\/wp-json\/wp\/v2\/pages"}],"about":[{"href":"https:\/\/kaffeecenter.ch\/fr\/wp-json\/wp\/v2\/types\/page"}],"author":[{"embeddable":true,"href":"https:\/\/kaffeecenter.ch\/fr\/wp-json\/wp\/v2\/users\/1"}],"replies":[{"embeddable":true,"href":"https:\/\/kaffeecenter.ch\/fr\/wp-json\/wp\/v2\/comments?post=15460"}],"version-history":[{"count":0,"href":"https:\/\/kaffeecenter.ch\/fr\/wp-json\/wp\/v2\/pages\/15460\/revisions"}],"wp:attachment":[{"href":"https:\/\/kaffeecenter.ch\/fr\/wp-json\/wp\/v2\/media?parent=15460"}],"curies":[{"name":"wp","href":"https:\/\/api.w.org\/{rel}","templated":true}]}}