{"id":15416,"date":"2024-11-22T10:14:30","date_gmt":"2024-11-22T09:14:30","guid":{"rendered":"https:\/\/kaffeecenter.ch\/?page_id=15416"},"modified":"2025-11-14T15:48:27","modified_gmt":"2025-11-14T14:48:27","slug":"unser-leitbild","status":"publish","type":"page","link":"https:\/\/kaffeecenter.ch\/fr\/unser-leitbild\/","title":{"rendered":"Notre charte"},"content":{"rendered":"<div class=\"wpb-content-wrapper\"><div class=\"vc_row wpb_row vc_row-fluid edgtf-section vc_custom_1484576041198 edgtf-content-aligment-left edgtf-grid-section\" style=\"\"><div class=\"clearfix edgtf-section-inner\"><div class=\"edgtf-section-inner-margin clearfix\"><div class=\"wpb_column vc_column_container vc_col-sm-12\"><div class=\"vc_column-inner\"><div class=\"wpb_wrapper\"><div class=\"edgtf-elements-holder edgtf-two-columns edgtf-responsive-mode-1024\" ><div class=\"edgtf-elements-holder-item\" data-item-class=\"edgtf-elements-holder-custom-769844\" data-1024-1280=\"0 0 0 0\" >\n\t\t<div class=\"edgtf-elements-holder-item-inner\">\n\t\t<div class=\"edgtf-elements-holder-item-content edgtf-elements-holder-custom-769844\" >\n\t\t\t\n\t<div  class=\"wpb_single_image wpb_content_element vc_align_left wpb_content_element\">\n\t\t\n\t\t<figure class=\"wpb_wrapper vc_figure\">\n\t\t\t<div class=\"vc_single_image-wrapper   vc_box_border_grey\"><img decoding=\"async\" width=\"2560\" height=\"1707\" src=\"https:\/\/kaffeecenter.ch\/wp-content\/uploads\/2024\/09\/Kaffecenter_Buchs_300624@florinschmid009-scaled.jpg\" class=\"vc_single_image-img attachment-full\" alt=\"\" title=\"Kaffecenter_Buchs_300624@florinschmid009\" srcset=\"https:\/\/kaffeecenter.ch\/wp-content\/uploads\/2024\/09\/Kaffecenter_Buchs_300624@florinschmid009-scaled.jpg 2560w, https:\/\/kaffeecenter.ch\/wp-content\/uploads\/2024\/09\/Kaffecenter_Buchs_300624@florinschmid009-300x200.jpg 300w, https:\/\/kaffeecenter.ch\/wp-content\/uploads\/2024\/09\/Kaffecenter_Buchs_300624@florinschmid009-1024x683.jpg 1024w, https:\/\/kaffeecenter.ch\/wp-content\/uploads\/2024\/09\/Kaffecenter_Buchs_300624@florinschmid009-768x512.jpg 768w, https:\/\/kaffeecenter.ch\/wp-content\/uploads\/2024\/09\/Kaffecenter_Buchs_300624@florinschmid009-1536x1024.jpg 1536w, https:\/\/kaffeecenter.ch\/wp-content\/uploads\/2024\/09\/Kaffecenter_Buchs_300624@florinschmid009-18x12.jpg 18w, https:\/\/kaffeecenter.ch\/wp-content\/uploads\/2024\/09\/Kaffecenter_Buchs_300624@florinschmid009-600x400.jpg 600w\" sizes=\"(max-width: 2560px) 100vw, 2560px\" \/><\/div>\n\t\t<\/figure>\n\t<\/div>\n\t\t<\/div>\n\t<\/div>\n\t<\/div><div class=\"edgtf-elements-holder-item\" data-item-class=\"edgtf-elements-holder-custom-551655\" data-768-1024=\"8% 2% 0 3%\" data-600-768=\"10% 0% 0 3%\" data-480=\"15% 0% 0 3%\" >\n\t\t<div class=\"edgtf-elements-holder-item-inner\">\n\t\t<div class=\"edgtf-elements-holder-item-content edgtf-elements-holder-custom-551655\" style=\"padding: 0 4% 0 8%\">\n\t\t\t\n\t<div class=\"wpb_text_column wpb_content_element\" >\n\t\t<div class=\"wpb_wrapper\">\n\t\t\t<div class=\"flex-shrink-0 flex flex-col relative items-end\">\n<div>\n<div class=\"pt-0\">\n<div class=\"gizmo-bot-avatar flex h-8 w-8 items-center justify-center overflow-hidden rounded-full\">\n<h2 class=\"relative p-1 rounded-sm flex items-center justify-center bg-token-main-surface-primary text-token-text-primary h-8 w-8\">Commencer la journ\u00e9e avec succ\u00e8s<\/h2>\n<\/div>\n<\/div>\n<\/div>\n<\/div>\n\n\t\t<\/div>\n\t<\/div>\n<div class=\"vc_empty_space\"   style=\"height: 20px\"><span class=\"vc_empty_space_inner\"><\/span><\/div><div class=\"edgtf-separator-holder clearfix  edgtf-separator-left\">\n\t<div class=\"edgtf-separator\" style=\"width: 120px;border-bottom-width: 3px\"><\/div>\n<\/div>\n<div class=\"vc_empty_space\"   style=\"height: 15px\"><span class=\"vc_empty_space_inner\"><\/span><\/div>\n\t<div class=\"wpb_text_column wpb_content_element\" >\n\t\t<div class=\"wpb_wrapper\">\n\t\t\t<div class=\"wpb_text_column wpb_content_element\">\n<div class=\"wpb_wrapper\">\n<p>Nous voulons faire bouger les choses - et vous donner un bon d\u00e9part dans la journ\u00e9e avec nos machines \u00e0 caf\u00e9. Avec nos services et nos produits, nous voulons conqu\u00e9rir d'autres march\u00e9s afin de toucher encore plus de personnes avec notre caf\u00e9. Nous consid\u00e9rons notre utilit\u00e9 comme une aide dans l'ombre, qui fait tourner les moulins \u00e0 caf\u00e9 de Suisse.<\/p>\n<\/div>\n<\/div>\n\n\t\t<\/div>\n\t<\/div>\n\t\t<\/div>\n\t<\/div>\n\t<\/div><\/div><\/div><\/div><\/div><\/div><\/div><\/div><div class=\"vc_row wpb_row vc_row-fluid edgtf-section vc_custom_1486725149387 edgtf-content-aligment-left edgtf-grid-section\" style=\"\"><div class=\"clearfix edgtf-section-inner\"><div class=\"edgtf-section-inner-margin clearfix\"><div class=\"wpb_column vc_column_container vc_col-sm-12\"><div class=\"vc_column-inner\"><div class=\"wpb_wrapper\"><div class=\"edgtf-elements-holder edgtf-two-columns edgtf-responsive-mode-1024\" ><div class=\"edgtf-elements-holder-item\" data-item-class=\"edgtf-elements-holder-custom-164791\" data-768-1024=\"0% 0% 10% 0\" data-600-768=\"0% 0% 14% 0\" data-480=\"0% 0% 25% 0\" >\n\t\t<div class=\"edgtf-elements-holder-item-inner\">\n\t\t<div class=\"edgtf-elements-holder-item-content edgtf-elements-holder-custom-164791\" style=\"padding: 1% 11% 0 0\">\n\t\t\t\n\t<div class=\"wpb_text_column wpb_content_element\" >\n\t\t<div class=\"wpb_wrapper\">\n\t\t\t<h2>Client et caf\u00e9 - une union parfaite<\/h2>\n\n\t\t<\/div>\n\t<\/div>\n<div class=\"vc_empty_space\"   style=\"height: 20px\"><span class=\"vc_empty_space_inner\"><\/span><\/div><div class=\"edgtf-separator-holder clearfix  edgtf-separator-left\">\n\t<div class=\"edgtf-separator\" style=\"width: 120px;border-bottom-width: 3px\"><\/div>\n<\/div>\n<div class=\"vc_empty_space\"   style=\"height: 15px\"><span class=\"vc_empty_space_inner\"><\/span><\/div>\n\t<div class=\"wpb_text_column wpb_content_element\" >\n\t\t<div class=\"wpb_wrapper\">\n\t\t\t<p>Un conseil personnalis\u00e9 et d\u00e9taill\u00e9, toujours joignable et l\u00e0 quand vous avez besoin de nous. Nous sommes le service d'aide 1 pour le caf\u00e9 et les machines \u00e0 caf\u00e9. Le Kaffeecenter est la seule entreprise qui permet aux clients de louer des machines \u00e0 caf\u00e9 de mani\u00e8re tout \u00e0 fait individuelle et gratuite. En tant que client, vous \u00eates sur un pied d'\u00e9galit\u00e9 avec nous, que vous soyez grand ou petit.<\/p>\n\n\t\t<\/div>\n\t<\/div>\n\t\t<\/div>\n\t<\/div>\n\t<\/div><div class=\"edgtf-elements-holder-item\" data-item-class=\"edgtf-elements-holder-custom-344179\" data-1024-1280=\"0 0 0 0\" >\n\t\t<div class=\"edgtf-elements-holder-item-inner\">\n\t\t<div class=\"edgtf-elements-holder-item-content edgtf-elements-holder-custom-344179\" style=\"padding: 0 0 0 0\">\n\t\t\t\n\t<div  class=\"wpb_single_image wpb_content_element vc_align_left wpb_content_element\">\n\t\t\n\t\t<figure class=\"wpb_wrapper vc_figure\">\n\t\t\t<div class=\"vc_single_image-wrapper   vc_box_border_grey\"><img decoding=\"async\" width=\"2560\" height=\"1707\" src=\"https:\/\/kaffeecenter.ch\/wp-content\/uploads\/2024\/09\/Kaffecenter_Buchs_300624@florinschmid001-scaled.jpg\" class=\"vc_single_image-img attachment-full\" alt=\"\" title=\"Kaffecenter_Buchs_300624@florinschmid001\" srcset=\"https:\/\/kaffeecenter.ch\/wp-content\/uploads\/2024\/09\/Kaffecenter_Buchs_300624@florinschmid001-scaled.jpg 2560w, https:\/\/kaffeecenter.ch\/wp-content\/uploads\/2024\/09\/Kaffecenter_Buchs_300624@florinschmid001-300x200.jpg 300w, https:\/\/kaffeecenter.ch\/wp-content\/uploads\/2024\/09\/Kaffecenter_Buchs_300624@florinschmid001-1024x683.jpg 1024w, https:\/\/kaffeecenter.ch\/wp-content\/uploads\/2024\/09\/Kaffecenter_Buchs_300624@florinschmid001-768x512.jpg 768w, https:\/\/kaffeecenter.ch\/wp-content\/uploads\/2024\/09\/Kaffecenter_Buchs_300624@florinschmid001-1536x1024.jpg 1536w, https:\/\/kaffeecenter.ch\/wp-content\/uploads\/2024\/09\/Kaffecenter_Buchs_300624@florinschmid001-18x12.jpg 18w, https:\/\/kaffeecenter.ch\/wp-content\/uploads\/2024\/09\/Kaffecenter_Buchs_300624@florinschmid001-600x400.jpg 600w\" sizes=\"(max-width: 2560px) 100vw, 2560px\" \/><\/div>\n\t\t<\/figure>\n\t<\/div>\n\t\t<\/div>\n\t<\/div>\n\t<\/div><\/div><\/div><\/div><\/div><\/div><\/div><\/div><div class=\"vc_row wpb_row vc_row-fluid edgtf-section vc_custom_1484576041198 edgtf-content-aligment-left edgtf-grid-section\" style=\"\"><div class=\"clearfix edgtf-section-inner\"><div class=\"edgtf-section-inner-margin clearfix\"><div class=\"wpb_column vc_column_container vc_col-sm-12\"><div class=\"vc_column-inner\"><div class=\"wpb_wrapper\"><div class=\"edgtf-elements-holder edgtf-two-columns edgtf-responsive-mode-1024\" ><div class=\"edgtf-elements-holder-item\" data-item-class=\"edgtf-elements-holder-custom-866762\" data-1024-1280=\"0 0 0 0\" >\n\t\t<div class=\"edgtf-elements-holder-item-inner\">\n\t\t<div class=\"edgtf-elements-holder-item-content edgtf-elements-holder-custom-866762\" >\n\t\t\t\n\t<div  class=\"wpb_single_image wpb_content_element vc_align_left wpb_content_element\">\n\t\t\n\t\t<figure class=\"wpb_wrapper vc_figure\">\n\t\t\t<div class=\"vc_single_image-wrapper   vc_box_border_grey\"><img decoding=\"async\" width=\"2560\" height=\"1707\" src=\"https:\/\/kaffeecenter.ch\/wp-content\/uploads\/2024\/09\/Kaffecenter_Buchs_300624@florinschmid002-scaled.jpg\" class=\"vc_single_image-img attachment-full\" alt=\"\" title=\"Kaffecenter_Buchs_300624@florinschmid002\" srcset=\"https:\/\/kaffeecenter.ch\/wp-content\/uploads\/2024\/09\/Kaffecenter_Buchs_300624@florinschmid002-scaled.jpg 2560w, https:\/\/kaffeecenter.ch\/wp-content\/uploads\/2024\/09\/Kaffecenter_Buchs_300624@florinschmid002-300x200.jpg 300w, https:\/\/kaffeecenter.ch\/wp-content\/uploads\/2024\/09\/Kaffecenter_Buchs_300624@florinschmid002-1024x683.jpg 1024w, https:\/\/kaffeecenter.ch\/wp-content\/uploads\/2024\/09\/Kaffecenter_Buchs_300624@florinschmid002-768x512.jpg 768w, https:\/\/kaffeecenter.ch\/wp-content\/uploads\/2024\/09\/Kaffecenter_Buchs_300624@florinschmid002-1536x1024.jpg 1536w, https:\/\/kaffeecenter.ch\/wp-content\/uploads\/2024\/09\/Kaffecenter_Buchs_300624@florinschmid002-18x12.jpg 18w, https:\/\/kaffeecenter.ch\/wp-content\/uploads\/2024\/09\/Kaffecenter_Buchs_300624@florinschmid002-600x400.jpg 600w\" sizes=\"(max-width: 2560px) 100vw, 2560px\" \/><\/div>\n\t\t<\/figure>\n\t<\/div>\n\t\t<\/div>\n\t<\/div>\n\t<\/div><div class=\"edgtf-elements-holder-item\" data-item-class=\"edgtf-elements-holder-custom-947213\" data-768-1024=\"8% 2% 0 3%\" data-600-768=\"10% 0% 0 3%\" data-480=\"15% 0% 0 3%\" >\n\t\t<div class=\"edgtf-elements-holder-item-inner\">\n\t\t<div class=\"edgtf-elements-holder-item-content edgtf-elements-holder-custom-947213\" style=\"padding: 0 4% 0 8%\">\n\t\t\t\n\t<div class=\"wpb_text_column wpb_content_element\" >\n\t\t<div class=\"wpb_wrapper\">\n\t\t\t<h2>Mettez de la vie dans votre quotidien au bureau<\/h2>\n\n\t\t<\/div>\n\t<\/div>\n<div class=\"vc_empty_space\"   style=\"height: 20px\"><span class=\"vc_empty_space_inner\"><\/span><\/div><div class=\"edgtf-separator-holder clearfix  edgtf-separator-left\">\n\t<div class=\"edgtf-separator\" style=\"width: 120px;border-bottom-width: 3px\"><\/div>\n<\/div>\n<div class=\"vc_empty_space\"   style=\"height: 15px\"><span class=\"vc_empty_space_inner\"><\/span><\/div>\n\t<div class=\"wpb_text_column wpb_content_element\" >\n\t\t<div class=\"wpb_wrapper\">\n\t\t\t<p>Une machine \u00e0 caf\u00e9 est un \u00e9l\u00e9ment indispensable dans les bureaux et les espaces publics - elle anime le travail quotidien et augmente la concentration des collaborateurs. Une machine \u00e0 caf\u00e9 professionnelle est toutefois plus co\u00fbteuse qu'un automate \u00e0 filtre domestique et n'est peut-\u00eatre n\u00e9cessaire que temporairement pour certains usages, comme les \u00e9v\u00e9nements. C'est l\u00e0 qu'intervient la location d'une machine \u00e0 caf\u00e9 : une solution id\u00e9ale qui allie flexibilit\u00e9 et \u00e9conomies.<\/p>\n\n\t\t<\/div>\n\t<\/div>\n\t\t<\/div>\n\t<\/div>\n\t<\/div><\/div><\/div><\/div><\/div><\/div><\/div><\/div><div class=\"vc_row wpb_row vc_row-fluid edgtf-section vc_custom_1486725149387 edgtf-content-aligment-left edgtf-grid-section\" style=\"\"><div class=\"clearfix edgtf-section-inner\"><div class=\"edgtf-section-inner-margin clearfix\"><div class=\"wpb_column vc_column_container vc_col-sm-12\"><div class=\"vc_column-inner\"><div class=\"wpb_wrapper\"><div class=\"edgtf-elements-holder edgtf-two-columns edgtf-responsive-mode-1024\" ><div class=\"edgtf-elements-holder-item\" data-item-class=\"edgtf-elements-holder-custom-179050\" data-768-1024=\"0% 0% 10% 0\" data-600-768=\"0% 0% 14% 0\" data-480=\"0% 0% 25% 0\" >\n\t\t<div class=\"edgtf-elements-holder-item-inner\">\n\t\t<div class=\"edgtf-elements-holder-item-content edgtf-elements-holder-custom-179050\" style=\"padding: 1% 11% 0 0\">\n\t\t\t\n\t<div class=\"wpb_text_column wpb_content_element\" >\n\t\t<div class=\"wpb_wrapper\">\n\t\t\t<h2>Valeurs et objectifs - vous \u00eates au centre<\/h2>\n\n\t\t<\/div>\n\t<\/div>\n<div class=\"vc_empty_space\"   style=\"height: 20px\"><span class=\"vc_empty_space_inner\"><\/span><\/div><div class=\"edgtf-separator-holder clearfix  edgtf-separator-left\">\n\t<div class=\"edgtf-separator\" style=\"width: 120px;border-bottom-width: 3px\"><\/div>\n<\/div>\n<div class=\"vc_empty_space\"   style=\"height: 15px\"><span class=\"vc_empty_space_inner\"><\/span><\/div>\n\t<div class=\"wpb_text_column wpb_content_element\" >\n\t\t<div class=\"wpb_wrapper\">\n\t\t\t<p>Une bonne collaboration amicale est la base de notre travail quotidien. En tant que client, vous \u00eates au centre de nos pr\u00e9occupations. En tant qu'entreprise de services, nous nous effor\u00e7ons toujours de fournir le meilleur service, d'\u00eatre proches de nos clients et de fournir un travail optimal. Nous consid\u00e9rons chaque commande comme un test qui nous met \u00e0 l'\u00e9preuve et qui nous permet de nous remettre en question \u00e0 chaque fois.<\/p>\n\n\t\t<\/div>\n\t<\/div>\n\t\t<\/div>\n\t<\/div>\n\t<\/div><div class=\"edgtf-elements-holder-item\" data-item-class=\"edgtf-elements-holder-custom-836267\" data-1024-1280=\"0 0 0 0\" >\n\t\t<div class=\"edgtf-elements-holder-item-inner\">\n\t\t<div class=\"edgtf-elements-holder-item-content edgtf-elements-holder-custom-836267\" style=\"padding: 0 0 0 0\">\n\t\t\t\n\t<div  class=\"wpb_single_image wpb_content_element vc_align_left wpb_content_element\">\n\t\t\n\t\t<figure class=\"wpb_wrapper vc_figure\">\n\t\t\t<div class=\"vc_single_image-wrapper   vc_box_border_grey\"><img decoding=\"async\" width=\"2560\" height=\"1707\" src=\"https:\/\/kaffeecenter.ch\/wp-content\/uploads\/2024\/09\/Kaffecenter_Buchs_300624@florinschmid013-scaled.jpg\" class=\"vc_single_image-img attachment-full\" alt=\"\" title=\"Kaffecenter_Buchs_300624@florinschmid013\" srcset=\"https:\/\/kaffeecenter.ch\/wp-content\/uploads\/2024\/09\/Kaffecenter_Buchs_300624@florinschmid013-scaled.jpg 2560w, https:\/\/kaffeecenter.ch\/wp-content\/uploads\/2024\/09\/Kaffecenter_Buchs_300624@florinschmid013-300x200.jpg 300w, https:\/\/kaffeecenter.ch\/wp-content\/uploads\/2024\/09\/Kaffecenter_Buchs_300624@florinschmid013-1024x683.jpg 1024w, https:\/\/kaffeecenter.ch\/wp-content\/uploads\/2024\/09\/Kaffecenter_Buchs_300624@florinschmid013-768x512.jpg 768w, https:\/\/kaffeecenter.ch\/wp-content\/uploads\/2024\/09\/Kaffecenter_Buchs_300624@florinschmid013-1536x1024.jpg 1536w, https:\/\/kaffeecenter.ch\/wp-content\/uploads\/2024\/09\/Kaffecenter_Buchs_300624@florinschmid013-18x12.jpg 18w, https:\/\/kaffeecenter.ch\/wp-content\/uploads\/2024\/09\/Kaffecenter_Buchs_300624@florinschmid013-600x400.jpg 600w\" sizes=\"(max-width: 2560px) 100vw, 2560px\" \/><\/div>\n\t\t<\/figure>\n\t<\/div>\n\t\t<\/div>\n\t<\/div>\n\t<\/div><\/div><\/div><\/div><\/div><\/div><\/div><\/div>\n<\/div>","protected":false},"excerpt":{"rendered":"Erfolgreich in den Tag starten Wir m\u00f6chten etwas bewegen \u2013 und Ihnen mit unseren Kaffeemaschinen einen erfolgreichen Start in den Tag geben. Mit unseren Dienstleistungen und Produkten wollen...","protected":false},"author":1,"featured_media":0,"parent":0,"menu_order":0,"comment_status":"closed","ping_status":"closed","template":"full-width.php","meta":{"inline_featured_image":false,"footnotes":""},"class_list":["post-15416","page","type-page","status-publish","hentry"],"aioseo_notices":[],"_links":{"self":[{"href":"https:\/\/kaffeecenter.ch\/fr\/wp-json\/wp\/v2\/pages\/15416","targetHints":{"allow":["GET"]}}],"collection":[{"href":"https:\/\/kaffeecenter.ch\/fr\/wp-json\/wp\/v2\/pages"}],"about":[{"href":"https:\/\/kaffeecenter.ch\/fr\/wp-json\/wp\/v2\/types\/page"}],"author":[{"embeddable":true,"href":"https:\/\/kaffeecenter.ch\/fr\/wp-json\/wp\/v2\/users\/1"}],"replies":[{"embeddable":true,"href":"https:\/\/kaffeecenter.ch\/fr\/wp-json\/wp\/v2\/comments?post=15416"}],"version-history":[{"count":0,"href":"https:\/\/kaffeecenter.ch\/fr\/wp-json\/wp\/v2\/pages\/15416\/revisions"}],"wp:attachment":[{"href":"https:\/\/kaffeecenter.ch\/fr\/wp-json\/wp\/v2\/media?parent=15416"}],"curies":[{"name":"wp","href":"https:\/\/api.w.org\/{rel}","templated":true}]}}