{"id":13545,"date":"2021-02-17T08:57:33","date_gmt":"2021-02-17T08:57:33","guid":{"rendered":"https:\/\/kaffeecenter.ch\/?page_id=13545"},"modified":"2021-03-22T14:14:58","modified_gmt":"2021-03-22T14:14:58","slug":"agbs","status":"publish","type":"page","link":"https:\/\/kaffeecenter.ch\/fr\/agbs\/","title":{"rendered":"Conditions g\u00e9n\u00e9rales de vente"},"content":{"rendered":"<div class=\"wpb-content-wrapper\"><div class=\"vc_row wpb_row vc_row-fluid edgtf-section edgtf-content-aligment-left\" style=\"\"><div class=\"clearfix edgtf-full-section-inner\"><div class=\"wpb_column vc_column_container vc_col-sm-12\"><div class=\"vc_column-inner\"><div class=\"wpb_wrapper\">\n\t<div class=\"wpb_text_column wpb_content_element\" >\n\t\t<div class=\"wpb_wrapper\">\n\t\t\t<h2>Conditions g\u00e9n\u00e9rales de vente<\/h2>\n<section class=\"av_textblock_section\">\n<div class=\"avia_textblock\">\n<p>Vous trouverez ici des informations importantes sur les achats chez\u00a0<a href=\"https:\/\/kaffeecenter.ch\/fr\/\">www.kaffeecenter.ch<\/a>.<br \/>\nNous vous invitons \u00e0 lire attentivement nos conditions g\u00e9n\u00e9rales de vente, qui r\u00e9gissent la relation contractuelle entre vous et nous.\u00a0<a href=\"https:\/\/kaffeecenter.ch\/fr\/\">www.kaffeecenter.ch<\/a>.<\/p>\n<p>&nbsp;<\/p>\n<\/div>\n<\/section>\n<div class=\"av-special-heading av-special-heading-h3 avia-builder-el-2 el_after_av_textblock el_before_av_textblock\">\n<h3 class=\"av-special-heading-tag\">G\u00e9n\u00e9ralit\u00e9s<\/h3>\n<\/div>\n<section class=\"av_textblock_section\">\n<div class=\"avia_textblock\">\n<p>Toutes nos ventes sont r\u00e9gies exclusivement par les conditions mentionn\u00e9es ci-dessous.<br \/>\nDes conditions diff\u00e9rentes lors de commandes de l'acheteur ne sont valables que si elles ont \u00e9t\u00e9 express\u00e9ment accept\u00e9es par \u00e9crit.<\/p>\n<p>&nbsp;<\/p>\n<\/div>\n<\/section>\n<div class=\"av-special-heading av-special-heading-h3 avia-builder-el-4 el_after_av_textblock el_before_av_textblock\">\n<h3 class=\"av-special-heading-tag\">1er contrat<\/h3>\n<\/div>\n<section class=\"av_textblock_section\">\n<div class=\"avia_textblock\">\n<p>Un contrat de vente est en principe conclu lorsque le client confirme par voie \u00e9lectronique (clic de souris, touche d'entr\u00e9e) une offre de\u00a0<a href=\"https:\/\/kaffeecenter.ch\/fr\/\">www.kaffeecenter.ch<\/a>\u00a0pour la conclusion d'un contrat de vente. En principe, le contrat de vente conclu est ensuite sign\u00e9 par le vendeur.\u00a0<a href=\"https:\/\/kaffeecenter.ch\/fr\/\">www.kaffeecenter.ch<\/a>\u00a0remplie en envoyant la marchandise au client par la poste.\u00a0<a href=\"https:\/\/kaffeecenter.ch\/fr\/\">www.kaffeecenter.ch<\/a>\u00a0se r\u00e9serve toutefois le droit de ne pas ex\u00e9cuter le contrat de vente s'il y a de bonnes raisons de penser que le client ne remplit pas correctement ses obligations contractuelles en mati\u00e8re de paiement. Tant que la marchandise exp\u00e9di\u00e9e n'a pas \u00e9t\u00e9 pay\u00e9e, elle reste la propri\u00e9t\u00e9 de\u00a0<a href=\"https:\/\/kaffeecenter.ch\/fr\/\">www.kaffeecenter.ch<\/a><\/p>\n<p>&nbsp;<\/p>\n<\/div>\n<\/section>\n<div class=\"av-special-heading av-special-heading-h3 avia-builder-el-6 el_after_av_textblock el_before_av_textblock\">\n<h3 class=\"av-special-heading-tag\">2. prix et conditions de paiement<\/h3>\n<\/div>\n<section class=\"av_textblock_section\">\n<div class=\"avia_textblock\">\n<p>Tous les prix indiqu\u00e9s dans notre boutique en ligne sont en francs suisses (CHF) et incluent la TVA. En cas de paiement par carte de cr\u00e9dit, votre compte est d\u00e9bit\u00e9 \u00e0 la fin de la commande. En cas de premi\u00e8re commande, la livraison s'effectue par pr\u00e9paiement, carte de cr\u00e9dit ou PayPal.<\/p>\n<p>&nbsp;<\/p>\n<\/div>\n<\/section>\n<div class=\"av-special-heading av-special-heading-h3 avia-builder-el-8 el_after_av_textblock el_before_av_textblock\">\n<h3 class=\"av-special-heading-tag\">3. informations sur la conclusion du contrat<\/h3>\n<\/div>\n<section class=\"av_textblock_section\">\n<div class=\"avia_textblock\">\n<p>La pr\u00e9sentation des produits dans la boutique en ligne ne constitue pas une offre juridiquement contraignante, mais un catalogue en ligne sans engagement. En cliquant sur le bouton \"Acheter maintenant\", vous passez une commande ferme des marchandises contenues dans le panier. La confirmation de la r\u00e9ception de la commande se fait par e-mail automatis\u00e9 imm\u00e9diatement apr\u00e8s l'envoi de la commande et ne constitue pas encore une acceptation du contrat. Nous pouvons accepter votre commande en vous envoyant une confirmation de commande s\u00e9par\u00e9e par e-mail ou en vous livrant la marchandise dans un d\u00e9lai de cinq jours.<\/p>\n<p>&nbsp;<\/p>\n<\/div>\n<\/section>\n<div class=\"av-special-heading av-special-heading-h3 avia-builder-el-10 el_after_av_textblock el_before_av_textblock\">\n<h3 class=\"av-special-heading-tag\">4\u00e8me livraison<\/h3>\n<\/div>\n<section class=\"av_textblock_section\">\n<div class=\"avia_textblock\">\n<p>Dans l'int\u00e9r\u00eat du client, des livraisons partielles peuvent \u00eatre effectu\u00e9es si cela permet de garantir un traitement rapide. Le client n'est autoris\u00e9 \u00e0 r\u00e9silier le contrat pour cause de non-respect du d\u00e9lai de livraison que lorsqu'il nous a accord\u00e9 par \u00e9crit un d\u00e9lai suppl\u00e9mentaire raisonnable d'au moins quatre semaines. Les cas de force majeure nous lib\u00e8rent de l'obligation d'ex\u00e9cuter le contrat pendant la dur\u00e9e de leurs effets.<\/p>\n<p>&nbsp;<\/p>\n<\/div>\n<\/section>\n<div class=\"av-special-heading av-special-heading-h3 avia-builder-el-12 el_after_av_textblock el_before_av_textblock\">\n<h3 class=\"av-special-heading-tag\">5. exp\u00e9dition<\/h3>\n<\/div>\n<section class=\"av_textblock_section\">\n<div class=\"avia_textblock\">\n<p>L'exp\u00e9dition se fait toujours aux frais et aux risques de l'acheteur. Les conditions de livraison indiqu\u00e9es sur\u00a0<a href=\"https:\/\/kaffeecenter.ch\/fr\/\">www.kaffeecenter.ch<\/a>\u00a0frais de livraison indiqu\u00e9s.<\/p>\n<p>&nbsp;<\/p>\n<\/div>\n<\/section>\n<div class=\"av-special-heading av-special-heading-h3 avia-builder-el-14 el_after_av_textblock el_before_av_textblock\">\n<h3 class=\"av-special-heading-tag\">6. garantie<\/h3>\n<div class=\"special-heading-border\">\n<div class=\"special-heading-inner-border\">Les droits de garantie l\u00e9gaux s'appliquent \u00e0 toutes les marchandises de notre boutique. Les d\u00e9fauts visibles doivent nous \u00eatre signal\u00e9s imm\u00e9diatement apr\u00e8s r\u00e9ception de la marchandise. En cas de vices cach\u00e9s, cela vaut \u00e0 partir du moment o\u00f9 le d\u00e9faut est reconnaissable. En cas de r\u00e9clamation justifi\u00e9e dans les d\u00e9lais, nous rempla\u00e7ons ou r\u00e9parons gratuitement la marchandise. En cas d'\u00e9chec de la r\u00e9paration ou de la livraison de remplacement, l'acheteur peut exiger une r\u00e9duction ou un remboursement ou r\u00e9silier le contrat. Les demandes de dommages et int\u00e9r\u00eats pour cause de d\u00e9fauts sont exclues dans la mesure o\u00f9 le dommage n'a pas \u00e9t\u00e9 caus\u00e9 par une faute intentionnelle ou une n\u00e9gligence grave de notre part et ne repose pas sur le d\u00e9faut d'une propri\u00e9t\u00e9 garantie.<\/div>\n<\/div>\n<p>&nbsp;<\/p>\n<\/div>\n<div class=\"av-special-heading av-special-heading-h3 avia-builder-el-16 el_after_av_textblock el_before_av_textblock\">\n<h3><\/h3>\n<h3 class=\"av-special-heading-tag\">7. donn\u00e9es<\/h3>\n<\/div>\n<section class=\"av_textblock_section\">\n<div class=\"avia_textblock\">\n<p><a href=\"https:\/\/kaffeecenter.ch\/fr\/\">www.kaffeecenter.ch<\/a>\u00a0traite toutes les donn\u00e9es transmises par le client de mani\u00e8re strictement confidentielle.<\/p>\n<p>&nbsp;<\/p>\n<\/div>\n<\/section>\n<div class=\"av-special-heading av-special-heading-h3 avia-builder-el-18 el_after_av_textblock el_before_av_textblock\">\n<h3 class=\"av-special-heading-tag\">8. lieu de juridiction<\/h3>\n<\/div>\n<section class=\"av_textblock_section\">\n<div class=\"avia_textblock\">\n<p>Le tribunal comp\u00e9tent et le lieu d'ex\u00e9cution sont Buchs SG.<\/p>\n<p>Seul le droit suisse s'applique \u00e0 la relation contractuelle. Ni la \"Convention de Vienne sur la vente internationale de marchandises\", ni aucun autre droit ou trait\u00e9 international ne s'appliquent aux relations juridiques entre les parties contractantes, et ce m\u00eame si elles \u00e9taient applicables en vertu des r\u00e8gles du droit international priv\u00e9 suisse.<\/p>\n<\/div>\n<\/section>\n\n\t\t<\/div>\n\t<\/div>\n<\/div><\/div><\/div><\/div><\/div>\n<\/div>","protected":false},"excerpt":{"rendered":"AGB\u2019s Hier finden Sie wichtige Informationen \u00fcber das Einkaufen bei\u00a0www.kaffeecenter.ch. Bei uns kaufen Sie ohne Risiko ein.Bitte lesen Sie sich unsere Gesch\u00e4ftsbedingungen aufmerksam durch, sie regeln das Vertragsverh\u00e4ltnis...","protected":false},"author":1,"featured_media":0,"parent":0,"menu_order":0,"comment_status":"closed","ping_status":"closed","template":"","meta":{"inline_featured_image":false,"footnotes":""},"class_list":["post-13545","page","type-page","status-publish","hentry"],"aioseo_notices":[],"_links":{"self":[{"href":"https:\/\/kaffeecenter.ch\/fr\/wp-json\/wp\/v2\/pages\/13545","targetHints":{"allow":["GET"]}}],"collection":[{"href":"https:\/\/kaffeecenter.ch\/fr\/wp-json\/wp\/v2\/pages"}],"about":[{"href":"https:\/\/kaffeecenter.ch\/fr\/wp-json\/wp\/v2\/types\/page"}],"author":[{"embeddable":true,"href":"https:\/\/kaffeecenter.ch\/fr\/wp-json\/wp\/v2\/users\/1"}],"replies":[{"embeddable":true,"href":"https:\/\/kaffeecenter.ch\/fr\/wp-json\/wp\/v2\/comments?post=13545"}],"version-history":[{"count":0,"href":"https:\/\/kaffeecenter.ch\/fr\/wp-json\/wp\/v2\/pages\/13545\/revisions"}],"wp:attachment":[{"href":"https:\/\/kaffeecenter.ch\/fr\/wp-json\/wp\/v2\/media?parent=13545"}],"curies":[{"name":"wp","href":"https:\/\/api.w.org\/{rel}","templated":true}]}}