{"id":13539,"date":"2021-02-17T08:53:56","date_gmt":"2021-02-17T08:53:56","guid":{"rendered":"https:\/\/kaffeecenter.ch\/?page_id=13539"},"modified":"2021-02-17T08:53:56","modified_gmt":"2021-02-17T08:53:56","slug":"rechtliches","status":"publish","type":"page","link":"https:\/\/kaffeecenter.ch\/fr\/rechtliches\/","title":{"rendered":"Mentions l\u00e9gales"},"content":{"rendered":"<div class=\"wpb-content-wrapper\"><div class=\"vc_row wpb_row vc_row-fluid edgtf-section edgtf-content-aligment-left\" style=\"\"><div class=\"clearfix edgtf-full-section-inner\"><div class=\"wpb_column vc_column_container vc_col-sm-12\"><div class=\"vc_column-inner\"><div class=\"wpb_wrapper\">\n\t<div class=\"wpb_text_column wpb_content_element\" >\n\t\t<div class=\"wpb_wrapper\">\n\t\t\t<h2>Mentions l\u00e9gales<\/h2>\n<h3>Aucune garantie et aucune responsabilit\u00e9<\/h3>\n<p>Bien que Kaffeecenter GmbH mette tout en \u0153uvre pour fournir des informations exactes et \u00e0 jour, nous ne donnons aucune garantie, expresse ou implicite, quant \u00e0 l'exactitude et \u00e0 l'exhaustivit\u00e9 des informations contenues dans ce site et d\u00e9clinons toute responsabilit\u00e9 quant \u00e0 l'utilisation de ce site ou des sites qui y sont reli\u00e9s par un lien. Kaffeecenter GmbH se r\u00e9serve le droit de modifier le pr\u00e9sent site \u00e0 tout moment et sans pr\u00e9avis, mais n'assume aucune responsabilit\u00e9 quant \u00e0 sa mise \u00e0 jour. En tant qu'utilisateur, vous acceptez que tous les acc\u00e8s \u00e0 ce site web et \u00e0 son utilisation ainsi qu'aux sites web et \u00e0 leur contenu qui sont reli\u00e9s \u00e0 ce site web par un lien, se fassent sous votre responsabilit\u00e9. Ni Kaffeecenter GmbH, ni aucune autre partie impliqu\u00e9e dans la conception, la production ou la mise \u00e0 disposition de ce site web ou de tout site web li\u00e9 \u00e0 celui-ci, ne peut \u00eatre tenu responsable de quelque mani\u00e8re que ce soit de tout dommage direct, accidentel, indirect ou intentionnel r\u00e9sultant de votre acc\u00e8s et de votre utilisation r\u00e9ussie ou non de ce site web ou de tout site web li\u00e9 \u00e0 celui-ci, ou de toute erreur ou omission dans son contenu.<\/p>\n<h3>Liens<\/h3>\n<p>Les liens vers des sites tiers sont propos\u00e9s \u00e0 titre de commodit\u00e9. Nous n'exprimons aucune opinion sur le contenu des sites web de tiers et d\u00e9clinons express\u00e9ment toute responsabilit\u00e9 quant aux informations de tiers et \u00e0 leur utilisation.<\/p>\n<h3>Noms de marque<\/h3>\n<p>Tous les noms de marque cit\u00e9s appartiennent \u00e0 Kaffeecenter GmbH ou sont sous licence de celle-ci.<\/p>\n<h3>Droits d'auteur<\/h3>\n<p>Le site Internet de Kaffeecenter GmbH et les donn\u00e9es qu'il contient et auxquelles il renvoie sont exclusivement destin\u00e9s \u00e0 des fins d'information. La reproduction, la diffusion et toute autre utilisation sont strictement interdites. Les demandes d'autorisation de reproduction d'informations contenues dans ce site doivent \u00eatre adress\u00e9es au webmaster de Kaffeecenter GmbH.<\/p>\n\n\t\t<\/div>\n\t<\/div>\n<\/div><\/div><\/div><\/div><\/div>\n<\/div>","protected":false},"excerpt":{"rendered":"Rechtliches Keine Garantie und keine Haftung Kaffeecenter GmbH\u00a0unternimmt zwar alles, um exakte und aktuelle Information bereitzustellen, doch leisten wir weder ausdr\u00fccklich noch stillschweigend irgendwelche Gew\u00e4hr oder Garantie f\u00fcr...","protected":false},"author":1,"featured_media":0,"parent":0,"menu_order":0,"comment_status":"closed","ping_status":"closed","template":"","meta":{"inline_featured_image":false,"footnotes":""},"class_list":["post-13539","page","type-page","status-publish","hentry"],"aioseo_notices":[],"_links":{"self":[{"href":"https:\/\/kaffeecenter.ch\/fr\/wp-json\/wp\/v2\/pages\/13539","targetHints":{"allow":["GET"]}}],"collection":[{"href":"https:\/\/kaffeecenter.ch\/fr\/wp-json\/wp\/v2\/pages"}],"about":[{"href":"https:\/\/kaffeecenter.ch\/fr\/wp-json\/wp\/v2\/types\/page"}],"author":[{"embeddable":true,"href":"https:\/\/kaffeecenter.ch\/fr\/wp-json\/wp\/v2\/users\/1"}],"replies":[{"embeddable":true,"href":"https:\/\/kaffeecenter.ch\/fr\/wp-json\/wp\/v2\/comments?post=13539"}],"version-history":[{"count":0,"href":"https:\/\/kaffeecenter.ch\/fr\/wp-json\/wp\/v2\/pages\/13539\/revisions"}],"wp:attachment":[{"href":"https:\/\/kaffeecenter.ch\/fr\/wp-json\/wp\/v2\/media?parent=13539"}],"curies":[{"name":"wp","href":"https:\/\/api.w.org\/{rel}","templated":true}]}}