{"id":10643,"date":"2017-01-18T15:03:09","date_gmt":"2017-01-18T15:03:09","guid":{"rendered":"http:\/\/barista.edge-themes.com\/?page_id=10643"},"modified":"2017-01-18T15:03:09","modified_gmt":"2017-01-18T15:03:09","slug":"simple-menu","status":"publish","type":"page","link":"https:\/\/kaffeecenter.ch\/fr\/simple-menu\/","title":{"rendered":"Simple Menu"},"content":{"rendered":"<div class=\"wpb-content-wrapper\"><div class=\"vc_row wpb_row vc_row-fluid edgtf-section vc_custom_1484818073344 edgtf-content-aligment-left edgtf-grid-section\" style=\"\"><div class=\"clearfix edgtf-section-inner\"><div class=\"edgtf-section-inner-margin clearfix\"><div class=\"wpb_column vc_column_container vc_col-sm-12 vc_col-lg-6 vc_col-md-12 vc_col-xs-12\"><div class=\"vc_column-inner vc_custom_1484832851295\"><div class=\"wpb_wrapper\">\n\t<div class=\"wpb_text_column wpb_content_element\" >\n\t\t<div class=\"wpb_wrapper\">\n\t\t\t<h2>coffee menu no 1<\/h2>\n\n\t\t<\/div>\n\t<\/div>\n<div class=\"vc_empty_space\"   style=\"height: 27px\"><span class=\"vc_empty_space_inner\"><\/span><\/div><div class=\"edgtf-separator-holder clearfix  edgtf-separator-left\">\n\t<div class=\"edgtf-separator\" style=\"width: 120px;border-bottom-width: 3px\"><\/div>\n<\/div>\n<div class=\"vc_empty_space\"   style=\"height: 40px\"><span class=\"vc_empty_space_inner\"><\/span><\/div><div class=\"edgtf-cafe-menu-list\"><ul class=\"edgtf-cml-holder\"><li class=\"edgtf-cml-item clearfix\">\n\t\t<div class=\"edgtf-cml-item-content\">\n\t\t<div class=\"edgtf-cml-top-holder\">\n\t\t\t<div class=\"edgtf-cml-title-holder\">\n\t\t\t\t<h3 class=\"edgtf-cml-title\">\n\t\t\t\t\tCaffe Latte\t\t\t\t<\/h3>\n\t\t\t<\/div>\n\t\t\t<div class=\"edgtf-cml-line\"><\/div>\n\n\t\t\t\t\t\t\t<div class=\"edgtf-cml-price-holder\">\n\t\t\t\t\t<h3 class=\"edgtf-cml-price\">$2.95<\/h3>\n\t\t\t\t<\/div>\n\n\t\t\t\t\t<\/div>\n\t\t<div class=\"edgtf-cml-bottom-holder clearfix\">\n\t\t\t\t\t\t<div class=\"edgtf-cml-description-holder\">\n\t\t\t\tCaf\u00e9 fra\u00eechement infus\u00e9 et lait vapeur\t\t\t<\/div>\n\t\t\t\n\t\t\t\t\t\t\t<div class=\"edgtf-cml-label-holder\">\n\t\t\t\t\t<span class=\"edgtf-cml-label\">New<\/span>\n\t\t\t\t<\/div>\n\t\t\t\t\t<\/div>\n\t<\/div>\n\n<\/li><li class=\"edgtf-cml-item clearfix\">\n\t\t<div class=\"edgtf-cml-item-content\">\n\t\t<div class=\"edgtf-cml-top-holder\">\n\t\t\t<div class=\"edgtf-cml-title-holder\">\n\t\t\t\t<h3 class=\"edgtf-cml-title\">\n\t\t\t\t\tCaffe Mocha\t\t\t\t<\/h3>\n\t\t\t<\/div>\n\t\t\t<div class=\"edgtf-cml-line\"><\/div>\n\n\t\t\t\t\t\t\t<div class=\"edgtf-cml-price-holder\">\n\t\t\t\t\t<h3 class=\"edgtf-cml-price\">$3.67<\/h3>\n\t\t\t\t<\/div>\n\n\t\t\t\t\t<\/div>\n\t\t<div class=\"edgtf-cml-bottom-holder clearfix\">\n\t\t\t\t\t\t<div class=\"edgtf-cml-description-holder\">\n\t\t\t\tEspresso avec du lait et de la cr\u00e8me fouett\u00e9e\t\t\t<\/div>\n\t\t\t\n\t\t\t\t\t<\/div>\n\t<\/div>\n\n<\/li><li class=\"edgtf-cml-item clearfix\">\n\t\t<div class=\"edgtf-cml-item-content\">\n\t\t<div class=\"edgtf-cml-top-holder\">\n\t\t\t<div class=\"edgtf-cml-title-holder\">\n\t\t\t\t<h3 class=\"edgtf-cml-title\">\n\t\t\t\t\tChocolat blanc Mocha\t\t\t\t<\/h3>\n\t\t\t<\/div>\n\t\t\t<div class=\"edgtf-cml-line\"><\/div>\n\n\t\t\t\t\t\t\t<div class=\"edgtf-cml-price-holder\">\n\t\t\t\t\t<h3 class=\"edgtf-cml-price\">$2.79<\/h3>\n\t\t\t\t<\/div>\n\n\t\t\t\t\t<\/div>\n\t\t<div class=\"edgtf-cml-bottom-holder clearfix\">\n\t\t\t\t\t\t<div class=\"edgtf-cml-description-holder\">\n\t\t\t\tEspresso, chocolat blanc, lait, glace et cr\u00e8me\t\t\t<\/div>\n\t\t\t\n\t\t\t\t\t<\/div>\n\t<\/div>\n\n<\/li><li class=\"edgtf-cml-item clearfix\">\n\t\t<div class=\"edgtf-cml-item-content\">\n\t\t<div class=\"edgtf-cml-top-holder\">\n\t\t\t<div class=\"edgtf-cml-title-holder\">\n\t\t\t\t<h3 class=\"edgtf-cml-title\">\n\t\t\t\t\tCaffe Americano\t\t\t\t<\/h3>\n\t\t\t<\/div>\n\t\t\t<div class=\"edgtf-cml-line\"><\/div>\n\n\t\t\t\t\t\t\t<div class=\"edgtf-cml-price-holder\">\n\t\t\t\t\t<h3 class=\"edgtf-cml-price\">$3.06<\/h3>\n\t\t\t\t<\/div>\n\n\t\t\t\t\t<\/div>\n\t\t<div class=\"edgtf-cml-bottom-holder clearfix\">\n\t\t\t\t\t\t<div class=\"edgtf-cml-description-holder\">\n\t\t\t\tShots d'espresso et l\u00e9g\u00e8re couche de cr\u00e8me\t\t\t<\/div>\n\t\t\t\n\t\t\t\t\t<\/div>\n\t<\/div>\n\n<\/li><li class=\"edgtf-cml-item clearfix\">\n\t\t<div class=\"edgtf-cml-item-content\">\n\t\t<div class=\"edgtf-cml-top-holder\">\n\t\t\t<div class=\"edgtf-cml-title-holder\">\n\t\t\t\t<h3 class=\"edgtf-cml-title\">\n\t\t\t\t\tCappuccino\t\t\t\t<\/h3>\n\t\t\t<\/div>\n\t\t\t<div class=\"edgtf-cml-line\"><\/div>\n\n\t\t\t\t\t\t\t<div class=\"edgtf-cml-price-holder\">\n\t\t\t\t\t<h3 class=\"edgtf-cml-price\">$4.03<\/h3>\n\t\t\t\t<\/div>\n\n\t\t\t\t\t<\/div>\n\t\t<div class=\"edgtf-cml-bottom-holder clearfix\">\n\t\t\t\t\t\t<div class=\"edgtf-cml-description-holder\">\n\t\t\t\tEspresso, et couche de mousse smoothed\t\t\t<\/div>\n\t\t\t\n\t\t\t\t\t<\/div>\n\t<\/div>\n\n<\/li><li class=\"edgtf-cml-item clearfix\">\n\t\t<div class=\"edgtf-cml-item-content\">\n\t\t<div class=\"edgtf-cml-top-holder\">\n\t\t\t<div class=\"edgtf-cml-title-holder\">\n\t\t\t\t<h3 class=\"edgtf-cml-title\">\n\t\t\t\t\tLatte \u00e0 la vanille\t\t\t\t<\/h3>\n\t\t\t<\/div>\n\t\t\t<div class=\"edgtf-cml-line\"><\/div>\n\n\t\t\t\t\t\t\t<div class=\"edgtf-cml-price-holder\">\n\t\t\t\t\t<h3 class=\"edgtf-cml-price\">$3.65<\/h3>\n\t\t\t\t<\/div>\n\n\t\t\t\t\t<\/div>\n\t\t<div class=\"edgtf-cml-bottom-holder clearfix\">\n\t\t\t\t\t\t<div class=\"edgtf-cml-description-holder\">\n\t\t\t\tEspresso Milk With Flavor,and Cream (Lait express avec ar\u00f4me et cr\u00e8me)\t\t\t<\/div>\n\t\t\t\n\t\t\t\t\t<\/div>\n\t<\/div>\n\n<\/li><li class=\"edgtf-cml-item clearfix\">\n\t\t<div class=\"edgtf-cml-item-content\">\n\t\t<div class=\"edgtf-cml-top-holder\">\n\t\t\t<div class=\"edgtf-cml-title-holder\">\n\t\t\t\t<h3 class=\"edgtf-cml-title\">\n\t\t\t\t\tLatte glac\u00e9 au gingembre\t\t\t\t<\/h3>\n\t\t\t<\/div>\n\t\t\t<div class=\"edgtf-cml-line\"><\/div>\n\n\t\t\t\t\t\t\t<div class=\"edgtf-cml-price-holder\">\n\t\t\t\t\t<h3 class=\"edgtf-cml-price\">$3.92<\/h3>\n\t\t\t\t<\/div>\n\n\t\t\t\t\t<\/div>\n\t\t<div class=\"edgtf-cml-bottom-holder clearfix\">\n\t\t\t\t\t\t<div class=\"edgtf-cml-description-holder\">\n\t\t\t\tEspresso, lait, glace et saveur gingerbread\t\t\t<\/div>\n\t\t\t\n\t\t\t\t\t<\/div>\n\t<\/div>\n\n<\/li><li class=\"edgtf-cml-item clearfix\">\n\t\t<div class=\"edgtf-cml-item-content\">\n\t\t<div class=\"edgtf-cml-top-holder\">\n\t\t\t<div class=\"edgtf-cml-title-holder\">\n\t\t\t\t<h3 class=\"edgtf-cml-title\">\n\t\t\t\t\tCaffe Mocha glac\u00e9\t\t\t\t<\/h3>\n\t\t\t<\/div>\n\t\t\t<div class=\"edgtf-cml-line\"><\/div>\n\n\t\t\t\t\t\t\t<div class=\"edgtf-cml-price-holder\">\n\t\t\t\t\t<h3 class=\"edgtf-cml-price\">$2.60<\/h3>\n\t\t\t\t<\/div>\n\n\t\t\t\t\t<\/div>\n\t\t<div class=\"edgtf-cml-bottom-holder clearfix\">\n\t\t\t\t\t\t<div class=\"edgtf-cml-description-holder\">\n\t\t\t\tEspresso, sauce au moka doux-amer, lait et glace\t\t\t<\/div>\n\t\t\t\n\t\t\t\t\t<\/div>\n\t<\/div>\n\n<\/li><li class=\"edgtf-cml-item clearfix\">\n\t\t<div class=\"edgtf-cml-item-content\">\n\t\t<div class=\"edgtf-cml-top-holder\">\n\t\t\t<div class=\"edgtf-cml-title-holder\">\n\t\t\t\t<h3 class=\"edgtf-cml-title\">\n\t\t\t\t\tLatte fum\u00e9 glac\u00e9\t\t\t\t<\/h3>\n\t\t\t<\/div>\n\t\t\t<div class=\"edgtf-cml-line\"><\/div>\n\n\t\t\t\t\t\t\t<div class=\"edgtf-cml-price-holder\">\n\t\t\t\t\t<h3 class=\"edgtf-cml-price\">$3.05<\/h3>\n\t\t\t\t<\/div>\n\n\t\t\t\t\t<\/div>\n\t\t<div class=\"edgtf-cml-bottom-holder clearfix\">\n\t\t\t\t\t\t<div class=\"edgtf-cml-description-holder\">\n\t\t\t\tEspresso, glace, avec scotch au beurre fum\u00e9 \t\t\t<\/div>\n\t\t\t\n\t\t\t\t\t\t\t<div class=\"edgtf-cml-label-holder\">\n\t\t\t\t\t<span class=\"edgtf-cml-label\">New<\/span>\n\t\t\t\t<\/div>\n\t\t\t\t\t<\/div>\n\t<\/div>\n\n<\/li><li class=\"edgtf-cml-item clearfix\">\n\t\t<div class=\"edgtf-cml-item-content\">\n\t\t<div class=\"edgtf-cml-top-holder\">\n\t\t\t<div class=\"edgtf-cml-title-holder\">\n\t\t\t\t<h3 class=\"edgtf-cml-title\">\n\t\t\t\t\tMacchiato au caramel\t\t\t\t<\/h3>\n\t\t\t<\/div>\n\t\t\t<div class=\"edgtf-cml-line\"><\/div>\n\n\t\t\t\t\t\t\t<div class=\"edgtf-cml-price-holder\">\n\t\t\t\t\t<h3 class=\"edgtf-cml-price\">$2.54<\/h3>\n\t\t\t\t<\/div>\n\n\t\t\t\t\t<\/div>\n\t\t<div class=\"edgtf-cml-bottom-holder clearfix\">\n\t\t\t\t\t\t<div class=\"edgtf-cml-description-holder\">\n\t\t\t\tEspresso, sirop aromatis\u00e9 \u00e0 la vanille et lait \t\t\t<\/div>\n\t\t\t\n\t\t\t\t\t<\/div>\n\t<\/div>\n\n<\/li><li class=\"edgtf-cml-item clearfix\">\n\t\t<div class=\"edgtf-cml-item-content\">\n\t\t<div class=\"edgtf-cml-top-holder\">\n\t\t\t<div class=\"edgtf-cml-title-holder\">\n\t\t\t\t<h3 class=\"edgtf-cml-title\">\n\t\t\t\t\tEspresso macchiato\t\t\t\t<\/h3>\n\t\t\t<\/div>\n\t\t\t<div class=\"edgtf-cml-line\"><\/div>\n\n\t\t\t\t\t\t\t<div class=\"edgtf-cml-price-holder\">\n\t\t\t\t\t<h3 class=\"edgtf-cml-price\">$2.98<\/h3>\n\t\t\t\t<\/div>\n\n\t\t\t\t\t<\/div>\n\t\t<div class=\"edgtf-cml-bottom-holder clearfix\">\n\t\t\t\t\t\t<div class=\"edgtf-cml-description-holder\">\n\t\t\t\tEspresso riche avec du lait et de la mousse\t\t\t<\/div>\n\t\t\t\n\t\t\t\t\t<\/div>\n\t<\/div>\n\n<\/li><li class=\"edgtf-cml-item clearfix\">\n\t\t<div class=\"edgtf-cml-item-content\">\n\t\t<div class=\"edgtf-cml-top-holder\">\n\t\t\t<div class=\"edgtf-cml-title-holder\">\n\t\t\t\t<h3 class=\"edgtf-cml-title\">\n\t\t\t\t\tLatte glac\u00e9 au caramel\t\t\t\t<\/h3>\n\t\t\t<\/div>\n\t\t\t<div class=\"edgtf-cml-line\"><\/div>\n\n\t\t\t\t\t\t\t<div class=\"edgtf-cml-price-holder\">\n\t\t\t\t\t<h3 class=\"edgtf-cml-price\">$4.67<\/h3>\n\t\t\t\t<\/div>\n\n\t\t\t\t\t<\/div>\n\t\t<div class=\"edgtf-cml-bottom-holder clearfix\">\n\t\t\t\t\t\t<div class=\"edgtf-cml-description-holder\">\n\t\t\t\tEspresso, lait, glace et sauce au caramel\t\t\t<\/div>\n\t\t\t\n\t\t\t\t\t<\/div>\n\t<\/div>\n\n<\/li><\/ul><\/div><div class=\"vc_empty_space\"   style=\"height: 40px\"><span class=\"vc_empty_space_inner\"><\/span><\/div><\/div><\/div><\/div><div class=\"wpb_column vc_column_container vc_col-sm-12 vc_col-lg-6 vc_col-md-12 vc_col-xs-12\"><div class=\"vc_column-inner vc_custom_1484832865758\"><div class=\"wpb_wrapper\">\n\t<div class=\"wpb_text_column wpb_content_element\" >\n\t\t<div class=\"wpb_wrapper\">\n\t\t\t<h2>coffee menu no 1<\/h2>\n\n\t\t<\/div>\n\t<\/div>\n<div class=\"vc_empty_space\"   style=\"height: 27px\"><span class=\"vc_empty_space_inner\"><\/span><\/div><div class=\"edgtf-separator-holder clearfix  edgtf-separator-left\">\n\t<div class=\"edgtf-separator\" style=\"width: 120px;border-bottom-width: 3px\"><\/div>\n<\/div>\n<div class=\"vc_empty_space\"   style=\"height: 40px\"><span class=\"vc_empty_space_inner\"><\/span><\/div><div class=\"edgtf-cafe-menu-list\"><ul class=\"edgtf-cml-holder\"><li class=\"edgtf-cml-item clearfix\">\n\t\t<div class=\"edgtf-cml-item-content\">\n\t\t<div class=\"edgtf-cml-top-holder\">\n\t\t\t<div class=\"edgtf-cml-title-holder\">\n\t\t\t\t<h3 class=\"edgtf-cml-title\">\n\t\t\t\t\tLatte glac\u00e9 au caramel\t\t\t\t<\/h3>\n\t\t\t<\/div>\n\t\t\t<div class=\"edgtf-cml-line\"><\/div>\n\n\t\t\t\t\t\t\t<div class=\"edgtf-cml-price-holder\">\n\t\t\t\t\t<h3 class=\"edgtf-cml-price\">$4.67<\/h3>\n\t\t\t\t<\/div>\n\n\t\t\t\t\t<\/div>\n\t\t<div class=\"edgtf-cml-bottom-holder clearfix\">\n\t\t\t\t\t\t<div class=\"edgtf-cml-description-holder\">\n\t\t\t\tEspresso, lait, glace et sauce au caramel\t\t\t<\/div>\n\t\t\t\n\t\t\t\t\t<\/div>\n\t<\/div>\n\n<\/li><li class=\"edgtf-cml-item clearfix\">\n\t\t<div class=\"edgtf-cml-item-content\">\n\t\t<div class=\"edgtf-cml-top-holder\">\n\t\t\t<div class=\"edgtf-cml-title-holder\">\n\t\t\t\t<h3 class=\"edgtf-cml-title\">\n\t\t\t\t\tEspresso macchiato\t\t\t\t<\/h3>\n\t\t\t<\/div>\n\t\t\t<div class=\"edgtf-cml-line\"><\/div>\n\n\t\t\t\t\t\t\t<div class=\"edgtf-cml-price-holder\">\n\t\t\t\t\t<h3 class=\"edgtf-cml-price\">$2.98<\/h3>\n\t\t\t\t<\/div>\n\n\t\t\t\t\t<\/div>\n\t\t<div class=\"edgtf-cml-bottom-holder clearfix\">\n\t\t\t\t\t\t<div class=\"edgtf-cml-description-holder\">\n\t\t\t\tEspresso riche avec du lait et de la mousse\t\t\t<\/div>\n\t\t\t\n\t\t\t\t\t<\/div>\n\t<\/div>\n\n<\/li><li class=\"edgtf-cml-item clearfix\">\n\t\t<div class=\"edgtf-cml-item-content\">\n\t\t<div class=\"edgtf-cml-top-holder\">\n\t\t\t<div class=\"edgtf-cml-title-holder\">\n\t\t\t\t<h3 class=\"edgtf-cml-title\">\n\t\t\t\t\tMacchiato au caramel\t\t\t\t<\/h3>\n\t\t\t<\/div>\n\t\t\t<div class=\"edgtf-cml-line\"><\/div>\n\n\t\t\t\t\t\t\t<div class=\"edgtf-cml-price-holder\">\n\t\t\t\t\t<h3 class=\"edgtf-cml-price\">$2.54<\/h3>\n\t\t\t\t<\/div>\n\n\t\t\t\t\t<\/div>\n\t\t<div class=\"edgtf-cml-bottom-holder clearfix\">\n\t\t\t\t\t\t<div class=\"edgtf-cml-description-holder\">\n\t\t\t\tEspresso, sirop aromatis\u00e9 \u00e0 la vanille et lait \t\t\t<\/div>\n\t\t\t\n\t\t\t\t\t<\/div>\n\t<\/div>\n\n<\/li><li class=\"edgtf-cml-item clearfix\">\n\t\t<div class=\"edgtf-cml-item-content\">\n\t\t<div class=\"edgtf-cml-top-holder\">\n\t\t\t<div class=\"edgtf-cml-title-holder\">\n\t\t\t\t<h3 class=\"edgtf-cml-title\">\n\t\t\t\t\tLatte fum\u00e9 glac\u00e9\t\t\t\t<\/h3>\n\t\t\t<\/div>\n\t\t\t<div class=\"edgtf-cml-line\"><\/div>\n\n\t\t\t\t\t\t\t<div class=\"edgtf-cml-price-holder\">\n\t\t\t\t\t<h3 class=\"edgtf-cml-price\">$3.05<\/h3>\n\t\t\t\t<\/div>\n\n\t\t\t\t\t<\/div>\n\t\t<div class=\"edgtf-cml-bottom-holder clearfix\">\n\t\t\t\t\t\t<div class=\"edgtf-cml-description-holder\">\n\t\t\t\tEspresso, glace, avec scotch au beurre fum\u00e9 \t\t\t<\/div>\n\t\t\t\n\t\t\t\t\t\t\t<div class=\"edgtf-cml-label-holder\">\n\t\t\t\t\t<span class=\"edgtf-cml-label\">New<\/span>\n\t\t\t\t<\/div>\n\t\t\t\t\t<\/div>\n\t<\/div>\n\n<\/li><li class=\"edgtf-cml-item clearfix\">\n\t\t<div class=\"edgtf-cml-item-content\">\n\t\t<div class=\"edgtf-cml-top-holder\">\n\t\t\t<div class=\"edgtf-cml-title-holder\">\n\t\t\t\t<h3 class=\"edgtf-cml-title\">\n\t\t\t\t\tCaffe Mocha glac\u00e9\t\t\t\t<\/h3>\n\t\t\t<\/div>\n\t\t\t<div class=\"edgtf-cml-line\"><\/div>\n\n\t\t\t\t\t\t\t<div class=\"edgtf-cml-price-holder\">\n\t\t\t\t\t<h3 class=\"edgtf-cml-price\">$2.60<\/h3>\n\t\t\t\t<\/div>\n\n\t\t\t\t\t<\/div>\n\t\t<div class=\"edgtf-cml-bottom-holder clearfix\">\n\t\t\t\t\t\t<div class=\"edgtf-cml-description-holder\">\n\t\t\t\tEspresso, sauce au moka doux-amer, lait et glace\t\t\t<\/div>\n\t\t\t\n\t\t\t\t\t<\/div>\n\t<\/div>\n\n<\/li><li class=\"edgtf-cml-item clearfix\">\n\t\t<div class=\"edgtf-cml-item-content\">\n\t\t<div class=\"edgtf-cml-top-holder\">\n\t\t\t<div class=\"edgtf-cml-title-holder\">\n\t\t\t\t<h3 class=\"edgtf-cml-title\">\n\t\t\t\t\tLatte glac\u00e9 au gingembre\t\t\t\t<\/h3>\n\t\t\t<\/div>\n\t\t\t<div class=\"edgtf-cml-line\"><\/div>\n\n\t\t\t\t\t\t\t<div class=\"edgtf-cml-price-holder\">\n\t\t\t\t\t<h3 class=\"edgtf-cml-price\">$3.92<\/h3>\n\t\t\t\t<\/div>\n\n\t\t\t\t\t<\/div>\n\t\t<div class=\"edgtf-cml-bottom-holder clearfix\">\n\t\t\t\t\t\t<div class=\"edgtf-cml-description-holder\">\n\t\t\t\tEspresso, lait, glace et saveur gingerbread\t\t\t<\/div>\n\t\t\t\n\t\t\t\t\t<\/div>\n\t<\/div>\n\n<\/li><li class=\"edgtf-cml-item clearfix\">\n\t\t<div class=\"edgtf-cml-item-content\">\n\t\t<div class=\"edgtf-cml-top-holder\">\n\t\t\t<div class=\"edgtf-cml-title-holder\">\n\t\t\t\t<h3 class=\"edgtf-cml-title\">\n\t\t\t\t\tLatte \u00e0 la vanille\t\t\t\t<\/h3>\n\t\t\t<\/div>\n\t\t\t<div class=\"edgtf-cml-line\"><\/div>\n\n\t\t\t\t\t\t\t<div class=\"edgtf-cml-price-holder\">\n\t\t\t\t\t<h3 class=\"edgtf-cml-price\">$3.65<\/h3>\n\t\t\t\t<\/div>\n\n\t\t\t\t\t<\/div>\n\t\t<div class=\"edgtf-cml-bottom-holder clearfix\">\n\t\t\t\t\t\t<div class=\"edgtf-cml-description-holder\">\n\t\t\t\tEspresso Milk With Flavor,and Cream (Lait express avec ar\u00f4me et cr\u00e8me)\t\t\t<\/div>\n\t\t\t\n\t\t\t\t\t<\/div>\n\t<\/div>\n\n<\/li><li class=\"edgtf-cml-item clearfix\">\n\t\t<div class=\"edgtf-cml-item-content\">\n\t\t<div class=\"edgtf-cml-top-holder\">\n\t\t\t<div class=\"edgtf-cml-title-holder\">\n\t\t\t\t<h3 class=\"edgtf-cml-title\">\n\t\t\t\t\tCappuccino\t\t\t\t<\/h3>\n\t\t\t<\/div>\n\t\t\t<div class=\"edgtf-cml-line\"><\/div>\n\n\t\t\t\t\t\t\t<div class=\"edgtf-cml-price-holder\">\n\t\t\t\t\t<h3 class=\"edgtf-cml-price\">$4.03<\/h3>\n\t\t\t\t<\/div>\n\n\t\t\t\t\t<\/div>\n\t\t<div class=\"edgtf-cml-bottom-holder clearfix\">\n\t\t\t\t\t\t<div class=\"edgtf-cml-description-holder\">\n\t\t\t\tEspresso, et couche de mousse smoothed\t\t\t<\/div>\n\t\t\t\n\t\t\t\t\t<\/div>\n\t<\/div>\n\n<\/li><li class=\"edgtf-cml-item clearfix\">\n\t\t<div class=\"edgtf-cml-item-content\">\n\t\t<div class=\"edgtf-cml-top-holder\">\n\t\t\t<div class=\"edgtf-cml-title-holder\">\n\t\t\t\t<h3 class=\"edgtf-cml-title\">\n\t\t\t\t\tCaffe Americano\t\t\t\t<\/h3>\n\t\t\t<\/div>\n\t\t\t<div class=\"edgtf-cml-line\"><\/div>\n\n\t\t\t\t\t\t\t<div class=\"edgtf-cml-price-holder\">\n\t\t\t\t\t<h3 class=\"edgtf-cml-price\">$3.06<\/h3>\n\t\t\t\t<\/div>\n\n\t\t\t\t\t<\/div>\n\t\t<div class=\"edgtf-cml-bottom-holder clearfix\">\n\t\t\t\t\t\t<div class=\"edgtf-cml-description-holder\">\n\t\t\t\tShots d'espresso et l\u00e9g\u00e8re couche de cr\u00e8me\t\t\t<\/div>\n\t\t\t\n\t\t\t\t\t<\/div>\n\t<\/div>\n\n<\/li><li class=\"edgtf-cml-item clearfix\">\n\t\t<div class=\"edgtf-cml-item-content\">\n\t\t<div class=\"edgtf-cml-top-holder\">\n\t\t\t<div class=\"edgtf-cml-title-holder\">\n\t\t\t\t<h3 class=\"edgtf-cml-title\">\n\t\t\t\t\tChocolat blanc Mocha\t\t\t\t<\/h3>\n\t\t\t<\/div>\n\t\t\t<div class=\"edgtf-cml-line\"><\/div>\n\n\t\t\t\t\t\t\t<div class=\"edgtf-cml-price-holder\">\n\t\t\t\t\t<h3 class=\"edgtf-cml-price\">$2.79<\/h3>\n\t\t\t\t<\/div>\n\n\t\t\t\t\t<\/div>\n\t\t<div class=\"edgtf-cml-bottom-holder clearfix\">\n\t\t\t\t\t\t<div class=\"edgtf-cml-description-holder\">\n\t\t\t\tEspresso, chocolat blanc, lait, glace et cr\u00e8me\t\t\t<\/div>\n\t\t\t\n\t\t\t\t\t<\/div>\n\t<\/div>\n\n<\/li><li class=\"edgtf-cml-item clearfix\">\n\t\t<div class=\"edgtf-cml-item-content\">\n\t\t<div class=\"edgtf-cml-top-holder\">\n\t\t\t<div class=\"edgtf-cml-title-holder\">\n\t\t\t\t<h3 class=\"edgtf-cml-title\">\n\t\t\t\t\tCaffe Mocha\t\t\t\t<\/h3>\n\t\t\t<\/div>\n\t\t\t<div class=\"edgtf-cml-line\"><\/div>\n\n\t\t\t\t\t\t\t<div class=\"edgtf-cml-price-holder\">\n\t\t\t\t\t<h3 class=\"edgtf-cml-price\">$3.67<\/h3>\n\t\t\t\t<\/div>\n\n\t\t\t\t\t<\/div>\n\t\t<div class=\"edgtf-cml-bottom-holder clearfix\">\n\t\t\t\t\t\t<div class=\"edgtf-cml-description-holder\">\n\t\t\t\tEspresso avec du lait et de la cr\u00e8me fouett\u00e9e\t\t\t<\/div>\n\t\t\t\n\t\t\t\t\t<\/div>\n\t<\/div>\n\n<\/li><li class=\"edgtf-cml-item clearfix\">\n\t\t<div class=\"edgtf-cml-item-content\">\n\t\t<div class=\"edgtf-cml-top-holder\">\n\t\t\t<div class=\"edgtf-cml-title-holder\">\n\t\t\t\t<h3 class=\"edgtf-cml-title\">\n\t\t\t\t\tCaffe Latte\t\t\t\t<\/h3>\n\t\t\t<\/div>\n\t\t\t<div class=\"edgtf-cml-line\"><\/div>\n\n\t\t\t\t\t\t\t<div class=\"edgtf-cml-price-holder\">\n\t\t\t\t\t<h3 class=\"edgtf-cml-price\">$2.95<\/h3>\n\t\t\t\t<\/div>\n\n\t\t\t\t\t<\/div>\n\t\t<div class=\"edgtf-cml-bottom-holder clearfix\">\n\t\t\t\t\t\t<div class=\"edgtf-cml-description-holder\">\n\t\t\t\tCaf\u00e9 fra\u00eechement infus\u00e9 et lait vapeur\t\t\t<\/div>\n\t\t\t\n\t\t\t\t\t\t\t<div class=\"edgtf-cml-label-holder\">\n\t\t\t\t\t<span class=\"edgtf-cml-label\">New<\/span>\n\t\t\t\t<\/div>\n\t\t\t\t\t<\/div>\n\t<\/div>\n\n<\/li><\/ul><\/div><div class=\"vc_empty_space\"   style=\"height: 40px\"><span class=\"vc_empty_space_inner\"><\/span><\/div><\/div><\/div><\/div><\/div><\/div><\/div>\n<\/div>","protected":false},"excerpt":{"rendered":"","protected":false},"author":1,"featured_media":0,"parent":0,"menu_order":0,"comment_status":"closed","ping_status":"closed","template":"full-width.php","meta":{"inline_featured_image":false,"footnotes":""},"class_list":["post-10643","page","type-page","status-publish","hentry"],"aioseo_notices":[],"_links":{"self":[{"href":"https:\/\/kaffeecenter.ch\/fr\/wp-json\/wp\/v2\/pages\/10643","targetHints":{"allow":["GET"]}}],"collection":[{"href":"https:\/\/kaffeecenter.ch\/fr\/wp-json\/wp\/v2\/pages"}],"about":[{"href":"https:\/\/kaffeecenter.ch\/fr\/wp-json\/wp\/v2\/types\/page"}],"author":[{"embeddable":true,"href":"https:\/\/kaffeecenter.ch\/fr\/wp-json\/wp\/v2\/users\/1"}],"replies":[{"embeddable":true,"href":"https:\/\/kaffeecenter.ch\/fr\/wp-json\/wp\/v2\/comments?post=10643"}],"version-history":[{"count":0,"href":"https:\/\/kaffeecenter.ch\/fr\/wp-json\/wp\/v2\/pages\/10643\/revisions"}],"wp:attachment":[{"href":"https:\/\/kaffeecenter.ch\/fr\/wp-json\/wp\/v2\/media?parent=10643"}],"curies":[{"name":"wp","href":"https:\/\/api.w.org\/{rel}","templated":true}]}}