{"id":10073,"date":"2017-01-16T14:40:52","date_gmt":"2017-01-16T14:40:52","guid":{"rendered":"http:\/\/barista.edge-themes.com\/?page_id=10073"},"modified":"2025-11-14T15:47:03","modified_gmt":"2025-11-14T14:47:03","slug":"unser-team","status":"publish","type":"page","link":"https:\/\/kaffeecenter.ch\/fr\/unser-team\/","title":{"rendered":"Notre \u00e9quipe"},"content":{"rendered":"<div class=\"wpb-content-wrapper\"><div class=\"vc_row wpb_row vc_row-fluid edgtf-section vc_custom_1732205878583 edgtf-content-aligment-left edgtf-grid-section\" style=\"\"><div class=\"clearfix edgtf-section-inner\"><div class=\"edgtf-section-inner-margin clearfix\"><div class=\"wpb_column vc_column_container vc_col-sm-6\"><div class=\"vc_column-inner\"><div class=\"wpb_wrapper\"><div class=\"vc_empty_space\"   style=\"height: 70px\"><span class=\"vc_empty_space_inner\"><\/span><\/div>\n<div class=\"edgtf-team main-info-below-image\">\n\t<div class=\"edgtf-team-inner\">\n\t\t\t\t\t<div class=\"edgtf-team-image\">\n                <img decoding=\"async\" width=\"2560\" height=\"1707\" src=\"https:\/\/kaffeecenter.ch\/wp-content\/uploads\/2024\/09\/Kaffecenter_Buchs_300624@florinschmid008-scaled.jpg\" class=\"attachment-full size-full\" alt=\"\" srcset=\"https:\/\/kaffeecenter.ch\/wp-content\/uploads\/2024\/09\/Kaffecenter_Buchs_300624@florinschmid008-scaled.jpg 2560w, https:\/\/kaffeecenter.ch\/wp-content\/uploads\/2024\/09\/Kaffecenter_Buchs_300624@florinschmid008-300x200.jpg 300w, https:\/\/kaffeecenter.ch\/wp-content\/uploads\/2024\/09\/Kaffecenter_Buchs_300624@florinschmid008-1024x683.jpg 1024w, https:\/\/kaffeecenter.ch\/wp-content\/uploads\/2024\/09\/Kaffecenter_Buchs_300624@florinschmid008-768x512.jpg 768w, https:\/\/kaffeecenter.ch\/wp-content\/uploads\/2024\/09\/Kaffecenter_Buchs_300624@florinschmid008-1536x1024.jpg 1536w, https:\/\/kaffeecenter.ch\/wp-content\/uploads\/2024\/09\/Kaffecenter_Buchs_300624@florinschmid008-18x12.jpg 18w, https:\/\/kaffeecenter.ch\/wp-content\/uploads\/2024\/09\/Kaffecenter_Buchs_300624@florinschmid008-600x400.jpg 600w\" sizes=\"(max-width: 2560px) 100vw, 2560px\" \/>\t\t\t<\/div>\n\t\t\n\t\t\t\t\t<div class=\"edgtf-team-info\">\n\t\t\t\t\t\t\t\t\t<div class=\"edgtf-team-title-holder normal\">\n\t\t\t\t\t\t\t\t\t\t\t\t\t<h4 class=\"edgtf-team-name\" >\n\t\t\t\t\t\t\t\tHansuli Eggenberger\t\t\t\t\t\t\t<\/h4>\n\t\t\t\t\t\t\t\t\t\t\t\t\t\t\t\t\t\t\t<p class=\"edgtf-team-position\" >Propri\u00e9taire &amp; directeur<\/p>\n\t\t\t\t\t\t\t\t\t\t\t<\/div>\n\t\t\t\t\n\t\t\t\t\t\t\t\t\t<div class='edgtf-team-text'>\n\t\t\t\t\t\t<div class='edgtf-team-text-inner'>\n\t\t\t\t\t\t\t<div class='edgtf-team-description'>\n\t\t\t\t\t\t\t\t<p >Hansuli Eggenberger est le c\u0153ur et l'\u00e2me du centre de caf\u00e9. Gr\u00e2ce \u00e0 sa passion pour le caf\u00e9 de qualit\u00e9 sup\u00e9rieure et \u00e0 sa longue exp\u00e9rience, il veille \u00e0 ce que les clients b\u00e9n\u00e9ficient toujours des meilleurs conseils et d'un service de premier ordre. En tant que propri\u00e9taire et directeur, il est, avec son \u00e9quipe, synonyme de qualit\u00e9, de fiabilit\u00e9 et de solutions individuelles pour tout ce qui concerne les machines \u00e0 caf\u00e9.<\/p>\n\t\t\t\t\t\t\t<\/div>\n\t\t\t\t\t\t<\/div>\n\t\t\t\t\t<\/div>\n\t\t\t\t\n\t\t<div class=\"edgtf-team-social-holder-between\">\n\t\t\t<div class=\"edgtf-team-social normal\">\n\t\t\t\t<div class=\"edgtf-team-social-inner\">\n\t\t\t\t\t<div class=\"edgtf-team-social-wrapp\">\n\n\t\t\t\t\t\t\n\t\t\t\t\t<\/div>\n\t\t\t\t<\/div>\n\t\t\t<\/div>\n\t\t<\/div>\n\n\t\t<\/div>\n\t<\/div>\n<\/div><div class=\"vc_empty_space\"   style=\"height: 40px\"><span class=\"vc_empty_space_inner\"><\/span><\/div><\/div><\/div><\/div><div class=\"wpb_column vc_column_container vc_col-sm-6\"><div class=\"vc_column-inner\"><div class=\"wpb_wrapper\"><div class=\"vc_empty_space\"   style=\"height: 70px\"><span class=\"vc_empty_space_inner\"><\/span><\/div>\n<div class=\"edgtf-team main-info-below-image\">\n\t<div class=\"edgtf-team-inner\">\n\t\t\t\t\t<div class=\"edgtf-team-image\">\n                <img decoding=\"async\" width=\"2560\" height=\"1707\" src=\"https:\/\/kaffeecenter.ch\/wp-content\/uploads\/2024\/11\/Kaffecenter_111124@florin.schmid018-scaled.jpeg\" class=\"attachment-full size-full\" alt=\"\" srcset=\"https:\/\/kaffeecenter.ch\/wp-content\/uploads\/2024\/11\/Kaffecenter_111124@florin.schmid018-scaled.jpeg 2560w, https:\/\/kaffeecenter.ch\/wp-content\/uploads\/2024\/11\/Kaffecenter_111124@florin.schmid018-300x200.jpeg 300w, https:\/\/kaffeecenter.ch\/wp-content\/uploads\/2024\/11\/Kaffecenter_111124@florin.schmid018-1024x683.jpeg 1024w, https:\/\/kaffeecenter.ch\/wp-content\/uploads\/2024\/11\/Kaffecenter_111124@florin.schmid018-768x512.jpeg 768w, https:\/\/kaffeecenter.ch\/wp-content\/uploads\/2024\/11\/Kaffecenter_111124@florin.schmid018-1536x1024.jpeg 1536w, https:\/\/kaffeecenter.ch\/wp-content\/uploads\/2024\/11\/Kaffecenter_111124@florin.schmid018-18x12.jpeg 18w, https:\/\/kaffeecenter.ch\/wp-content\/uploads\/2024\/11\/Kaffecenter_111124@florin.schmid018-600x400.jpeg 600w\" sizes=\"(max-width: 2560px) 100vw, 2560px\" \/>\t\t\t<\/div>\n\t\t\n\t\t\t\t\t<div class=\"edgtf-team-info\">\n\t\t\t\t\t\t\t\t\t<div class=\"edgtf-team-title-holder normal\">\n\t\t\t\t\t\t\t\t\t\t\t\t\t<h4 class=\"edgtf-team-name\" >\n\t\t\t\t\t\t\t\tNicole Hofbauer\t\t\t\t\t\t\t<\/h4>\n\t\t\t\t\t\t\t\t\t\t\t\t\t\t\t\t\t\t\t<p class=\"edgtf-team-position\" >Conseil, Vente, \u00c9v\u00e9nement &amp; Location<\/p>\n\t\t\t\t\t\t\t\t\t\t\t<\/div>\n\t\t\t\t\n\t\t\t\t\t\t\t\t\t<div class='edgtf-team-text'>\n\t\t\t\t\t\t<div class='edgtf-team-text-inner'>\n\t\t\t\t\t\t\t<div class='edgtf-team-description'>\n\t\t\t\t\t\t\t\t<p >Nicole Hofbauer apporte son expertise et son enthousiasme pour le caf\u00e9 \u00e0 chaque consultation. Qu'il s'agisse de vente, de planification d'\u00e9v\u00e9nements ou de location de machines \u00e0 caf\u00e9, elle veille \u00e0 ce que les souhaits des clients soient parfaitement satisfaits gr\u00e2ce \u00e0 son engagement et \u00e0 son souci du d\u00e9tail. Son caract\u00e8re aimable et comp\u00e9tent fait d'elle une interlocutrice indispensable au sein de l'\u00e9quipe du centre de caf\u00e9.<\/p>\n\t\t\t\t\t\t\t<\/div>\n\t\t\t\t\t\t<\/div>\n\t\t\t\t\t<\/div>\n\t\t\t\t\n\t\t<div class=\"edgtf-team-social-holder-between\">\n\t\t\t<div class=\"edgtf-team-social normal\">\n\t\t\t\t<div class=\"edgtf-team-social-inner\">\n\t\t\t\t\t<div class=\"edgtf-team-social-wrapp\">\n\n\t\t\t\t\t\t\n\t\t\t\t\t<\/div>\n\t\t\t\t<\/div>\n\t\t\t<\/div>\n\t\t<\/div>\n\n\t\t<\/div>\n\t<\/div>\n<\/div><div class=\"vc_empty_space\"   style=\"height: 40px\"><span class=\"vc_empty_space_inner\"><\/span><\/div><\/div><\/div><\/div><\/div><\/div><\/div><div class=\"vc_row wpb_row vc_row-fluid edgtf-section vc_custom_1485938612283 edgtf-content-aligment-left edgtf-grid-section\" style=\"\"><div class=\"clearfix edgtf-section-inner\"><div class=\"edgtf-section-inner-margin clearfix\"><div class=\"wpb_column vc_column_container vc_col-sm-6\"><div class=\"vc_column-inner\"><div class=\"wpb_wrapper\"><div class=\"edgtf-elements-holder edgtf-two-columns edgtf-responsive-mode-1024\" ><div class=\"edgtf-elements-holder-item\" data-item-class=\"edgtf-elements-holder-custom-191299\" data-480=\"0 0% 0 0\" >\n\t\t<div class=\"edgtf-elements-holder-item-inner\">\n\t\t<div class=\"edgtf-elements-holder-item-content edgtf-elements-holder-custom-191299\" style=\"padding: 0 12% 0 0\">\n\t\t\t\n\t<div class=\"wpb_text_column wpb_content_element\" >\n\t\t<div class=\"wpb_wrapper\">\n\t\t\t<h2><strong>Nos comp\u00e9tences<\/strong><\/h2>\n\n\t\t<\/div>\n\t<\/div>\n<div class=\"vc_empty_space\"   style=\"height: 15px\"><span class=\"vc_empty_space_inner\"><\/span><\/div><div class=\"edgtf-separator-holder clearfix  edgtf-separator-left\">\n\t<div class=\"edgtf-separator\" style=\"width: 120px;border-bottom-width: 3px\"><\/div>\n<\/div>\n<div class=\"vc_empty_space\"   style=\"height: 10px\"><span class=\"vc_empty_space_inner\"><\/span><\/div>\n\t<div class=\"wpb_text_column wpb_content_element\" >\n\t\t<div class=\"wpb_wrapper\">\n\t\t\t<p>Au Kaffeecenter, la qualit\u00e9, l'expertise et le service personnalis\u00e9 occupent la premi\u00e8re place. Nous combinons une longue exp\u00e9rience avec une passion pour le plaisir parfait du caf\u00e9 afin de toujours vous offrir la meilleure solution, que ce soit en mati\u00e8re de conseil, de service ou pour vos \u00e9v\u00e9nements.<\/p>\n\n\t\t<\/div>\n\t<\/div>\n\t\t<\/div>\n\t<\/div>\n\t<\/div><\/div><\/div><\/div><\/div><div class=\"wpb_column vc_column_container vc_col-sm-6\"><div class=\"vc_column-inner\"><div class=\"wpb_wrapper\"><div class=\"edgtf-progress-bar\">\n\t<h5 class=\"edgtf-progress-title-holder clearfix\" >\n\t\t<span class=\"edgtf-progress-title\" style=\"color:#30271c\">Conseil<\/span>\n\t\t<span class=\"edgtf-progress-number-wrapper edgtf-floating\" >\n\t\t\t<span class=\"edgtf-progress-number\" style=\"color:#30271c\">\n\t\t\t\t<span class=\"edgtf-percent\">0<\/span>\n\t\t\t<\/span>\n\t\t<\/span>\n\t<\/h5>\n\t<div class=\"edgtf-progress-content-outer\" style=\"background-color:#d7d7d7\">\n\t\t<div data-percentage=\"98\" class=\"edgtf-progress-content\" ><\/div>\n\t<\/div>\n<\/div>\t<div class=\"vc_empty_space\"   style=\"height: 24px\"><span class=\"vc_empty_space_inner\"><\/span><\/div><div class=\"edgtf-progress-bar\">\n\t<h5 class=\"edgtf-progress-title-holder clearfix\" >\n\t\t<span class=\"edgtf-progress-title\" style=\"color:#30271c\">Service et entretien<\/span>\n\t\t<span class=\"edgtf-progress-number-wrapper edgtf-floating\" >\n\t\t\t<span class=\"edgtf-progress-number\" style=\"color:#30271c\">\n\t\t\t\t<span class=\"edgtf-percent\">0<\/span>\n\t\t\t<\/span>\n\t\t<\/span>\n\t<\/h5>\n\t<div class=\"edgtf-progress-content-outer\" style=\"background-color:#d7d7d7\">\n\t\t<div data-percentage=\"85\" class=\"edgtf-progress-content\" ><\/div>\n\t<\/div>\n<\/div>\t<div class=\"vc_empty_space\"   style=\"height: 24px\"><span class=\"vc_empty_space_inner\"><\/span><\/div><div class=\"edgtf-progress-bar\">\n\t<h5 class=\"edgtf-progress-title-holder clearfix\" >\n\t\t<span class=\"edgtf-progress-title\" style=\"color:#30271c\">\u00c9v\u00e9nement &amp; location<\/span>\n\t\t<span class=\"edgtf-progress-number-wrapper edgtf-floating\" >\n\t\t\t<span class=\"edgtf-progress-number\" style=\"color:#30271c\">\n\t\t\t\t<span class=\"edgtf-percent\">0<\/span>\n\t\t\t<\/span>\n\t\t<\/span>\n\t<\/h5>\n\t<div class=\"edgtf-progress-content-outer\" style=\"background-color:#d7d7d7\">\n\t\t<div data-percentage=\"90\" class=\"edgtf-progress-content\" ><\/div>\n\t<\/div>\n<\/div>\t<\/div><\/div><\/div><\/div><\/div><\/div>\n<\/div>","protected":false},"excerpt":{"rendered":"Hansuli Eggenberger Inhaber &amp; Gesch\u00e4ftsf\u00fchrer Hansuli Eggenberger ist das Herz und die Seele des Kaffeecenters. Mit seiner Leidenschaft f\u00fcr hochwertigen Kaffee und seiner langj\u00e4hrigen Erfahrung sorgt er daf\u00fcr,...","protected":false},"author":1,"featured_media":0,"parent":0,"menu_order":0,"comment_status":"closed","ping_status":"closed","template":"full-width.php","meta":{"inline_featured_image":false,"footnotes":""},"class_list":["post-10073","page","type-page","status-publish","hentry"],"aioseo_notices":[],"_links":{"self":[{"href":"https:\/\/kaffeecenter.ch\/fr\/wp-json\/wp\/v2\/pages\/10073","targetHints":{"allow":["GET"]}}],"collection":[{"href":"https:\/\/kaffeecenter.ch\/fr\/wp-json\/wp\/v2\/pages"}],"about":[{"href":"https:\/\/kaffeecenter.ch\/fr\/wp-json\/wp\/v2\/types\/page"}],"author":[{"embeddable":true,"href":"https:\/\/kaffeecenter.ch\/fr\/wp-json\/wp\/v2\/users\/1"}],"replies":[{"embeddable":true,"href":"https:\/\/kaffeecenter.ch\/fr\/wp-json\/wp\/v2\/comments?post=10073"}],"version-history":[{"count":0,"href":"https:\/\/kaffeecenter.ch\/fr\/wp-json\/wp\/v2\/pages\/10073\/revisions"}],"wp:attachment":[{"href":"https:\/\/kaffeecenter.ch\/fr\/wp-json\/wp\/v2\/media?parent=10073"}],"curies":[{"name":"wp","href":"https:\/\/api.w.org\/{rel}","templated":true}]}}