{"id":13539,"date":"2021-02-17T08:53:56","date_gmt":"2021-02-17T08:53:56","guid":{"rendered":"https:\/\/kaffeecenter.ch\/?page_id=13539"},"modified":"2021-02-17T08:53:56","modified_gmt":"2021-02-17T08:53:56","slug":"rechtliches","status":"publish","type":"page","link":"https:\/\/kaffeecenter.ch\/en\/rechtliches\/","title":{"rendered":"Legal matters"},"content":{"rendered":"<div class=\"wpb-content-wrapper\"><div class=\"vc_row wpb_row vc_row-fluid edgtf-section edgtf-content-aligment-left\" style=\"\"><div class=\"clearfix edgtf-full-section-inner\"><div class=\"wpb_column vc_column_container vc_col-sm-12\"><div class=\"vc_column-inner\"><div class=\"wpb_wrapper\">\n\t<div class=\"wpb_text_column wpb_content_element\" >\n\t\t<div class=\"wpb_wrapper\">\n\t\t\t<h2>Legal matters<\/h2>\n<h3>No guarantee and no liability<\/h3>\n<p>Whilst Kaffeecenter GmbH makes every effort to provide accurate and up-to-date information, we make no representation or warranty, express or implied, as to the accuracy or completeness of the information on this website and disclaim any liability for the use of this website or any website linked to it. Kaffeecenter GmbH reserves the right to change this website at any time without prior notice, but accepts no responsibility for updating it. As a user, you agree that all access to this website and its use, as well as to websites and their content that are connected to this website via a link, is at your own risk. Neither Kaffeecenter GmbH nor any other party involved in the design, production or release of this website or any website linked to it shall be liable in any way for any direct, incidental, consequential, indirect or punitive damages arising out of your access to, or your successful or unsuccessful use of, this website or any website linked to it or any errors or omissions in its content.<\/p>\n<h3>Links<\/h3>\n<p>Links to third-party websites are provided as a courtesy. We express no opinion on the content of third-party websites and expressly disclaim any responsibility for third-party information and its use.<\/p>\n<h3>Brand names<\/h3>\n<p>All brand names mentioned belong to Kaffeecenter GmbH or are licensed by it.<\/p>\n<h3>Copyrights<\/h3>\n<p>The Kaffeecenter GmbH website and the information contained and referenced therein are for information purposes only. Reproduction, redistribution and other use are strictly prohibited. Requests for permission to reproduce information from this website should be addressed to the Kaffeecenter GmbH webmaster.<\/p>\n\n\t\t<\/div>\n\t<\/div>\n<\/div><\/div><\/div><\/div><\/div>\n<\/div>","protected":false},"excerpt":{"rendered":"Rechtliches Keine Garantie und keine Haftung Kaffeecenter GmbH\u00a0unternimmt zwar alles, um exakte und aktuelle Information bereitzustellen, doch leisten wir weder ausdr\u00fccklich noch stillschweigend irgendwelche Gew\u00e4hr oder Garantie f\u00fcr...","protected":false},"author":1,"featured_media":0,"parent":0,"menu_order":0,"comment_status":"closed","ping_status":"closed","template":"","meta":{"inline_featured_image":false,"footnotes":""},"class_list":["post-13539","page","type-page","status-publish","hentry"],"aioseo_notices":[],"_links":{"self":[{"href":"https:\/\/kaffeecenter.ch\/en\/wp-json\/wp\/v2\/pages\/13539","targetHints":{"allow":["GET"]}}],"collection":[{"href":"https:\/\/kaffeecenter.ch\/en\/wp-json\/wp\/v2\/pages"}],"about":[{"href":"https:\/\/kaffeecenter.ch\/en\/wp-json\/wp\/v2\/types\/page"}],"author":[{"embeddable":true,"href":"https:\/\/kaffeecenter.ch\/en\/wp-json\/wp\/v2\/users\/1"}],"replies":[{"embeddable":true,"href":"https:\/\/kaffeecenter.ch\/en\/wp-json\/wp\/v2\/comments?post=13539"}],"version-history":[{"count":0,"href":"https:\/\/kaffeecenter.ch\/en\/wp-json\/wp\/v2\/pages\/13539\/revisions"}],"wp:attachment":[{"href":"https:\/\/kaffeecenter.ch\/en\/wp-json\/wp\/v2\/media?parent=13539"}],"curies":[{"name":"wp","href":"https:\/\/api.w.org\/{rel}","templated":true}]}}